{"id":40,"date":"2020-07-14T17:13:01","date_gmt":"2020-07-14T15:13:01","guid":{"rendered":"http:\/\/krystofbruha.cz\/?page_id=40"},"modified":"2025-02-18T20:25:31","modified_gmt":"2025-02-18T19:25:31","slug":"bio","status":"publish","type":"page","link":"https:\/\/krystofbruha.cz\/en\/bio\/","title":{"rendered":"BIO"},"content":{"rendered":"<h1 data-hide=\"true\" style=\"text-align: center; letter-spacing: 0px;\"><span>KRY\u0160TO<\/span><span>F BR\u016eHA<\/span><\/h1>\n<p dir=\"ltr\">Kry\u0161tof Br\u016fha is a Czech transmedia artist whose practice is situated at the interface of material ontology and digital space. Through algorithmic networks, generative design and post-industrial techniques (machine learning, 3D printing and CNC) he reconstructs invisible dynamics of systems - from microprocesses of the natural environment to abstract data flows. His kinetic objects, generative videos and *expanded cinema* works function as intermediary interfaces that translate techno-ecological metamorphoses into multisensory compositions.&nbsp;&nbsp;<\/p>\n<p dir=\"ltr\">Since his studies at AVU (including internships at V\u0160UP and the Indonesian Institute of the Arts), he has exhibited in galleries and site-specific spaces: from the Regional Gallery Liberec, PLATO Ostrava to Prague's Artefin Gallery, Lisbon's Artemis Gallery and the Leal Rios Foundation. His experimental films *Prologue to Signum Supra* and *Resonare De INTER Solaris* (IDFF Ji.hlava) expand the documentary format into algorithmic audiovisual essays. Twice awarded the Graphic Artist of the Year Award (2019, 2021), winner of the Jind\u0159ich Chalupeck\u00fd Award (2023) and winner of the Signal Calling competition with *Audire Fluctus* (2024), which transforms an urban electromagnetic trace into a data totem.<\/p>\n<p dir=\"ltr\">Inspired by concepts ranging from Timothy Morton's hyperobjects to posthumanist aesthetics, Br\u016fh's work constructs an archaeology of the future. Not as a passive commentary, but as a performative gesture: recoding the abstract forces of the present into the language of radical imagination.<\/p>\n<h2 style=\"\">awards<\/h2>\n<p>2023<\/p>\n<p style=\"color: var(--tcb-tpl-color-0)  !important; --tcb-applied-color:var$(--tcb-tpl-color-0)  !important;\"><a href=\"https:\/\/www.sjch.cz\/krystof-bruha\/\" target=\"_blank\" style=\"outline: none;\" rel=\"noopener\"><\/a><a href=\"https:\/\/www.sjch.cz\/krystof-bruha\/\" target=\"_blank\" style=\"outline: none;\" rel=\"noopener\"><span style=\"text-decoration: none; --tcb-applied-color:var$(--tcb-tpl-color-0)  !important;\"><span style=\"--tcb-applied-color:var$(--tcb-tpl-color-0)  !important;\"><strong>Jind\u0159ich Chalupeck\u00fd Award<\/strong><strong>&nbsp;<\/strong><\/span><\/span><\/a><\/p>\n<p><a href=\"https:\/\/www.sjch.cz\/krystof-bruha\/\" target=\"_blank\" style=\"outline: none;\" rel=\"noopener\"><span>Laureate<\/span><\/a><\/p>\n<p>2022<\/p>\n<p style=\"color: var(--tcb-tpl-color-0)  !important; --tcb-applied-color:var$(--tcb-tpl-color-0)  !important;\"><a href=\"https:\/\/krystofbruha.cz\/en\/magna-mutatio-natron\/\" target=\"_blank\" style=\"outline: none;\" rel=\"noopener\"><span style=\"font-size: 18px; font-family: Roboto; --tcb-applied-color:var$(--tcb-tpl-color-0)  !important;\"><strong>NFT <\/strong><strong>challenge <\/strong><span style=\"font-weight: normal;\">&#8211;<\/span> <strong>Artefin Gallery&nbsp;<\/strong><\/span><\/a><\/p>\n<p style=\"color: var(--tcb-tpl-color-0)  !important; --tcb-applied-color:var$(--tcb-tpl-color-0)  !important;\"><a href=\"https:\/\/krystofbruha.cz\/en\/magna-mutatio-natron\/\" target=\"_blank\" style=\"outline: none;\" rel=\"noopener\"><strong><span style=\"font-size: 18px; font-family: Roboto; --tcb-applied-color:var$(--tcb-tpl-color-0)  !important;\"><\/span><\/strong><span style=\"font-size: 18px; font-family: Roboto; font-weight: 300;\">1. m\u00edsto &#8211; Hlasov\u00e1n\u00ed odborn\u00e9 poroty<\/span><\/a><\/p>\n<p style=\"\"><span style=\"font-size: 18px;\"><span style=\"text-decoration: none;\"><a href=\"https:\/\/krystofbruha.cz\/en\/grafika-roku-2021-magna-mutatio-flumen-gen-2-0\/\" style=\"outline: none;\" target=\"_blank\" rel=\"noopener\">Graphics of the year 2021<\/a><\/span><\/span><\/p>\n<p style=\"\"><a href=\"https:\/\/krystofbruha.cz\/en\/grafika-roku-2021-magna-mutatio-flumen-gen-2-0\/\" style=\"outline: none;\" target=\"_blank\" rel=\"noopener\"><span style=\"font-size: 18px;\">computer graphics category<\/span><\/a><\/p>\n<p>2020<\/p>\n<p><a href=\"http:\/\/krystofbruha.cz\/en\/grafika-roku-2019-obecni-dum\/\" target=\"_blank\" style=\"outline: none;\" rel=\"noopener\"><strong>Graphic of the year 2019<\/strong>&nbsp;<\/a><\/p>\n<p><a href=\"https:\/\/krystofbruha.cz\/en\/grafika-roku-2019-obecni-dum\/\" target=\"_blank\" style=\"outline: none;\" rel=\"noopener\">computer graphics category<\/a><\/p>\n<h2 style=\"\">Residencies<\/h2>\n<p style=\"\">2018<\/p>\n<p style=\"\"><a href=\"https:\/\/krystofbruha.cz\/en\/full-moon-transmission-03\/\" target=\"_blank\" style=\"outline: none;\" rel=\"noopener\"><span style=\"font-family: Roboto; font-weight: 300;\">Residence v Egon Schiele Art Centre,&nbsp;<\/span><span style=\"font-family: Roboto; font-weight: 300;\">in \u010cesk\u00fd Krumlov, Czech Republic<\/span><\/a><\/p>\n<h2 style=\"\">internships<\/h2>\n<p style=\"\">2016 &#8211; 2017<\/p>\n<p style=\"\"><a href=\"http:\/\/krystofbruha.cz\/en\/place-imprint\/\" style=\"outline: none;\" target=\"_blank\" rel=\"noopener\">Indonesian Institute of the Arts, Yogyakarta<\/a><\/p>\n<p style=\"\">2014<\/p>\n<p style=\"\"><a href=\"http:\/\/krystofbruha.cz\/en\/fluctus\/\" style=\"outline: none;\" target=\"_blank\" rel=\"noopener\">Academy of Arts, Architecture and Design in Prague<\/a><\/p>\n<h2 style=\"\">Vzd\u011bl\u00e1n\u00ed<\/h2>\n<p>2013 &#8211; 2019<\/p>\n<p style=\"\"><a href=\"https:\/\/avu.cz\/oddeleni\/nova-media-1\" target=\"_blank\" style=\"outline: none;\" rel=\"noopener\"><span style=\"color: var(--tcb-tpl-color-0);\"><span style=\"--tcb-applied-color: var$(--tcb-tpl-color-0) !important;\"><span style=\"font-weight: 300;\"><span style=\"font-family: Roboto;\"><strong>Ak<span data-id=\"0\" data-type=\"false\" style=\"display: none; line-height: 0;\"><\/span><span data-id=\"0\" data-type=\"true\" style=\"display: none; line-height: 0;\"><\/span>ademie v\u00fdtvarn\u00fdch um\u011bn\u00ed v Praze<\/strong><\/span><\/span><\/span><\/span><\/a><\/p>\n<p style=\"\"><a href=\"https:\/\/avu.cz\/oddeleni\/nova-media-1\" target=\"_blank\" style=\"outline: none;\" rel=\"noopener\"><span style=\"font-family: Roboto; font-weight: 300; color: var(--tcb-tpl-color-0);\">Ateli\u00e9r nov\u00fdch m\u00e9di\u00ed 1 \/ \u0160kola Tom<span data-id=\"0\" data-type=\"false\" style=\"display: none; line-height: 0;\"><\/span><span data-id=\"0\" data-type=\"true\" style=\"display: none; line-height: 0;\"><\/span>\u00e1\u0161e Svobody<\/span><\/a><\/p>","protected":false},"excerpt":{"rendered":"<p>KRY\u0160TOF BR\u016eHA Kry\u0161tof Br\u016fha je \u010cesk\u00fd transmedi\u00e1ln\u00ed um\u011blec, jeho\u017e praxe se pohybuje na rozhran\u00ed materi\u00e1lov\u00e9 ontologie a digit\u00e1ln\u00edho prostoru. Prost\u0159ednictv\u00edm algoritmick\u00fdch s\u00edt\u00ed, generativn\u00edho designu a postindustri\u00e1ln\u00edch technik (strojov\u00e9 u\u010den\u00ed, 3D tisk a CNC) rekonstruuje neviditeln\u00e9 dynamiky syst\u00e9m\u016f \u2013 od mikroproces\u016f p\u0159\u00edrodn\u00edho prost\u0159ed\u00ed po abstraktn\u00ed toky dat. Jeho kinetick\u00e9 objekty, generativn\u00ed videa a pr\u00e1ce v oblasti &#8230; <a title=\"BIO\" class=\"read-more\" href=\"https:\/\/krystofbruha.cz\/en\/bio\/\" aria-label=\"Read more about BIO\">Read more<\/a><\/p>","protected":false},"author":2,"featured_media":0,"parent":0,"menu_order":0,"comment_status":"closed","ping_status":"closed","template":"","meta":{"footnotes":""},"class_list":["post-40","page","type-page","status-publish"],"yoast_head":"<!-- This site is optimized with the Yoast SEO plugin v23.6 - https:\/\/yoast.com\/wordpress\/plugins\/seo\/ -->\n<title>BIO - Kry\u0161tof Br\u016fha<\/title>\n<meta name=\"description\" content=\"Kry\u0161tof Br\u016fha is an intermedia artist working in Prague. His works explore distinctive environments and spaces.\" \/>\n<meta name=\"robots\" content=\"index, follow, max-snippet:-1, max-image-preview:large, max-video-preview:-1\" \/>\n<link rel=\"canonical\" href=\"https:\/\/krystofbruha.cz\/en\/bio\/\" \/>\n<meta property=\"og:locale\" content=\"en_GB\" \/>\n<meta property=\"og:type\" content=\"article\" \/>\n<meta property=\"og:title\" content=\"BIO - Kry\u0161tof Br\u016fha\" \/>\n<meta property=\"og:description\" content=\"Kry\u0161tof Br\u016fha is an intermedia artist working in Prague. His works explore distinctive environments and spaces.\" \/>\n<meta property=\"og:url\" content=\"https:\/\/krystofbruha.cz\/en\/bio\/\" \/>\n<meta property=\"og:site_name\" content=\"Kry\u0161tof Br\u016fha\" \/>\n<meta property=\"article:publisher\" content=\"https:\/\/www.facebook.com\/bruha.krystof.studio\/?ref=page_internal\" \/>\n<meta property=\"article:modified_time\" content=\"2025-02-18T19:25:31+00:00\" \/>\n<meta name=\"twitter:card\" content=\"summary_large_image\" \/>\n<meta name=\"twitter:label1\" content=\"Estimated reading time\" \/>\n\t<meta name=\"twitter:data1\" content=\"2 minutes\" \/>\n<script type=\"application\/ld+json\" class=\"yoast-schema-graph\">{\"@context\":\"https:\/\/schema.org\",\"@graph\":[{\"@type\":\"WebPage\",\"@id\":\"https:\/\/krystofbruha.cz\/bio\/\",\"url\":\"https:\/\/krystofbruha.cz\/bio\/\",\"name\":\"BIO - Kry\u0161tof Br\u016fha\",\"isPartOf\":{\"@id\":\"https:\/\/krystofbruha.cz\/#website\"},\"datePublished\":\"2020-07-14T15:13:01+00:00\",\"dateModified\":\"2025-02-18T19:25:31+00:00\",\"description\":\"Kry\u0161tof Br\u016fha is an intermedia artist working in Prague. His works explore distinctive environments and spaces.\",\"breadcrumb\":{\"@id\":\"https:\/\/krystofbruha.cz\/bio\/#breadcrumb\"},\"inLanguage\":\"en-GB\",\"potentialAction\":[{\"@type\":\"ReadAction\",\"target\":[\"https:\/\/krystofbruha.cz\/bio\/\"]}]},{\"@type\":\"BreadcrumbList\",\"@id\":\"https:\/\/krystofbruha.cz\/bio\/#breadcrumb\",\"itemListElement\":[{\"@type\":\"ListItem\",\"position\":1,\"name\":\"Dom\u016f\",\"item\":\"https:\/\/krystofbruha.cz\/\"},{\"@type\":\"ListItem\",\"position\":2,\"name\":\"BIO\"}]},{\"@type\":\"WebSite\",\"@id\":\"https:\/\/krystofbruha.cz\/#website\",\"url\":\"https:\/\/krystofbruha.cz\/\",\"name\":\"Kry\u0161tof Br\u016fha\",\"description\":\"artwork presentation \/ Kry\u0161tof Br\u016fha\",\"publisher\":{\"@id\":\"https:\/\/krystofbruha.cz\/#organization\"},\"potentialAction\":[{\"@type\":\"SearchAction\",\"target\":{\"@type\":\"EntryPoint\",\"urlTemplate\":\"https:\/\/krystofbruha.cz\/?s={search_term_string}\"},\"query-input\":{\"@type\":\"PropertyValueSpecification\",\"valueRequired\":true,\"valueName\":\"search_term_string\"}}],\"inLanguage\":\"en-GB\"},{\"@type\":\"Organization\",\"@id\":\"https:\/\/krystofbruha.cz\/#organization\",\"name\":\"Kry\u0161tof Br\u016fha\",\"url\":\"https:\/\/krystofbruha.cz\/\",\"logo\":{\"@type\":\"ImageObject\",\"inLanguage\":\"en-GB\",\"@id\":\"https:\/\/krystofbruha.cz\/#\/schema\/logo\/image\/\",\"url\":\"https:\/\/i0.wp.com\/www.krystofbruha.cz\/wp-content\/uploads\/2020\/11\/cropped-Favicon_01-1.png?fit=512%2C512&ssl=1\",\"contentUrl\":\"https:\/\/i0.wp.com\/www.krystofbruha.cz\/wp-content\/uploads\/2020\/11\/cropped-Favicon_01-1.png?fit=512%2C512&ssl=1\",\"width\":512,\"height\":512,\"caption\":\"Kry\u0161tof Br\u016fha\"},\"image\":{\"@id\":\"https:\/\/krystofbruha.cz\/#\/schema\/logo\/image\/\"},\"sameAs\":[\"https:\/\/www.facebook.com\/bruha.krystof.studio\/?ref=page_internal\",\"https:\/\/www.instagram.com\/krystof_bruha\/\",\"https:\/\/cz.pinterest.com\/Krystof_Bruha\/\",\"https:\/\/www.youtube.com\/channel\/UCVXoHTkjxIDFNVaVgQIvTiQ?disable_polymer=true\"]}]}<\/script>\n<!-- \/ Yoast SEO plugin. -->","yoast_head_json":{"title":"BIO - Kry\u0161tof Br\u016fha","description":"Kry\u0161tof Br\u016fha is an intermedia artist working in Prague. His works explore distinctive environments and spaces.","robots":{"index":"index","follow":"follow","max-snippet":"max-snippet:-1","max-image-preview":"max-image-preview:large","max-video-preview":"max-video-preview:-1"},"canonical":"https:\/\/krystofbruha.cz\/en\/bio\/","og_locale":"en_GB","og_type":"article","og_title":"BIO - Kry\u0161tof Br\u016fha","og_description":"Kry\u0161tof Br\u016fha is an intermedia artist working in Prague. His works explore distinctive environments and spaces.","og_url":"https:\/\/krystofbruha.cz\/en\/bio\/","og_site_name":"Kry\u0161tof Br\u016fha","article_publisher":"https:\/\/www.facebook.com\/bruha.krystof.studio\/?ref=page_internal","article_modified_time":"2025-02-18T19:25:31+00:00","twitter_card":"summary_large_image","twitter_misc":{"Estimated reading time":"2 minutes"},"schema":{"@context":"https:\/\/schema.org","@graph":[{"@type":"WebPage","@id":"https:\/\/krystofbruha.cz\/bio\/","url":"https:\/\/krystofbruha.cz\/bio\/","name":"BIO - Kry\u0161tof Br\u016fha","isPartOf":{"@id":"https:\/\/krystofbruha.cz\/#website"},"datePublished":"2020-07-14T15:13:01+00:00","dateModified":"2025-02-18T19:25:31+00:00","description":"Kry\u0161tof Br\u016fha is an intermedia artist working in Prague. His works explore distinctive environments and spaces.","breadcrumb":{"@id":"https:\/\/krystofbruha.cz\/bio\/#breadcrumb"},"inLanguage":"en-GB","potentialAction":[{"@type":"ReadAction","target":["https:\/\/krystofbruha.cz\/bio\/"]}]},{"@type":"BreadcrumbList","@id":"https:\/\/krystofbruha.cz\/bio\/#breadcrumb","itemListElement":[{"@type":"ListItem","position":1,"name":"Dom\u016f","item":"https:\/\/krystofbruha.cz\/"},{"@type":"ListItem","position":2,"name":"BIO"}]},{"@type":"WebSite","@id":"https:\/\/krystofbruha.cz\/#website","url":"https:\/\/krystofbruha.cz\/","name":"Kry\u0161tof Br\u016fha","description":"artwork presentation \/ Kry\u0161tof Br\u016fha","publisher":{"@id":"https:\/\/krystofbruha.cz\/#organization"},"potentialAction":[{"@type":"SearchAction","target":{"@type":"EntryPoint","urlTemplate":"https:\/\/krystofbruha.cz\/?s={search_term_string}"},"query-input":{"@type":"PropertyValueSpecification","valueRequired":true,"valueName":"search_term_string"}}],"inLanguage":"en-GB"},{"@type":"Organization","@id":"https:\/\/krystofbruha.cz\/#organization","name":"Kry\u0161tof Br\u016fha","url":"https:\/\/krystofbruha.cz\/","logo":{"@type":"ImageObject","inLanguage":"en-GB","@id":"https:\/\/krystofbruha.cz\/#\/schema\/logo\/image\/","url":"https:\/\/i0.wp.com\/www.krystofbruha.cz\/wp-content\/uploads\/2020\/11\/cropped-Favicon_01-1.png?fit=512%2C512&ssl=1","contentUrl":"https:\/\/i0.wp.com\/www.krystofbruha.cz\/wp-content\/uploads\/2020\/11\/cropped-Favicon_01-1.png?fit=512%2C512&ssl=1","width":512,"height":512,"caption":"Kry\u0161tof Br\u016fha"},"image":{"@id":"https:\/\/krystofbruha.cz\/#\/schema\/logo\/image\/"},"sameAs":["https:\/\/www.facebook.com\/bruha.krystof.studio\/?ref=page_internal","https:\/\/www.instagram.com\/krystof_bruha\/","https:\/\/cz.pinterest.com\/Krystof_Bruha\/","https:\/\/www.youtube.com\/channel\/UCVXoHTkjxIDFNVaVgQIvTiQ?disable_polymer=true"]}]}},"jetpack_sharing_enabled":true,"_links":{"self":[{"href":"https:\/\/krystofbruha.cz\/en\/wp-json\/wp\/v2\/pages\/40"}],"collection":[{"href":"https:\/\/krystofbruha.cz\/en\/wp-json\/wp\/v2\/pages"}],"about":[{"href":"https:\/\/krystofbruha.cz\/en\/wp-json\/wp\/v2\/types\/page"}],"author":[{"embeddable":true,"href":"https:\/\/krystofbruha.cz\/en\/wp-json\/wp\/v2\/users\/2"}],"replies":[{"embeddable":true,"href":"https:\/\/krystofbruha.cz\/en\/wp-json\/wp\/v2\/comments?post=40"}],"version-history":[{"count":53,"href":"https:\/\/krystofbruha.cz\/en\/wp-json\/wp\/v2\/pages\/40\/revisions"}],"predecessor-version":[{"id":3985,"href":"https:\/\/krystofbruha.cz\/en\/wp-json\/wp\/v2\/pages\/40\/revisions\/3985"}],"wp:attachment":[{"href":"https:\/\/krystofbruha.cz\/en\/wp-json\/wp\/v2\/media?parent=40"}],"curies":[{"name":"wp","href":"https:\/\/api.w.org\/{rel}","templated":true}]}}