{"id":48,"date":"2020-07-14T17:14:23","date_gmt":"2020-07-14T15:14:23","guid":{"rendered":"http:\/\/krystofbruha.cz\/?page_id=48"},"modified":"2025-02-18T20:21:41","modified_gmt":"2025-02-18T19:21:41","slug":"kontakt","status":"publish","type":"page","link":"https:\/\/krystofbruha.cz\/en\/kontakt\/","title":{"rendered":"CONTACT"},"content":{"rendered":"<h1 data-hide=\"true\" style=\"text-align: center; letter-spacing: 0px;\"><span>email<\/span><\/h1>\n<h2 data-hide=\"true\" style=\"text-align: center;\">studio@krystofbruha.cz<\/h2>","protected":false},"excerpt":{"rendered":"<p>email studio@krystofbruha.cz<\/p>","protected":false},"author":2,"featured_media":0,"parent":0,"menu_order":0,"comment_status":"closed","ping_status":"closed","template":"","meta":{"footnotes":""},"class_list":["post-48","page","type-page","status-publish"],"yoast_head":"<!-- This site is optimized with the Yoast SEO plugin v23.6 - https:\/\/yoast.com\/wordpress\/plugins\/seo\/ -->\n<title>KONTAKT - Kry\u0161tof Br\u016fha<\/title>\n<meta name=\"description\" content=\"Contact to the artist Kry\u0161tof Br\u016fha\" \/>\n<meta name=\"robots\" content=\"index, follow, max-snippet:-1, max-image-preview:large, max-video-preview:-1\" \/>\n<link rel=\"canonical\" href=\"https:\/\/krystofbruha.cz\/en\/kontakt\/\" \/>\n<meta property=\"og:locale\" content=\"en_GB\" \/>\n<meta property=\"og:type\" content=\"article\" \/>\n<meta property=\"og:title\" content=\"KONTAKT - Kry\u0161tof Br\u016fha\" \/>\n<meta property=\"og:description\" content=\"Contact to the artist Kry\u0161tof Br\u016fha\" \/>\n<meta property=\"og:url\" content=\"https:\/\/krystofbruha.cz\/en\/kontakt\/\" \/>\n<meta property=\"og:site_name\" content=\"Kry\u0161tof Br\u016fha\" \/>\n<meta property=\"article:publisher\" content=\"https:\/\/www.facebook.com\/bruha.krystof.studio\/?ref=page_internal\" \/>\n<meta property=\"article:modified_time\" content=\"2025-02-18T19:21:41+00:00\" \/>\n<meta name=\"twitter:card\" content=\"summary_large_image\" \/>\n<script type=\"application\/ld+json\" class=\"yoast-schema-graph\">{\"@context\":\"https:\/\/schema.org\",\"@graph\":[{\"@type\":\"WebPage\",\"@id\":\"https:\/\/krystofbruha.cz\/kontakt\/\",\"url\":\"https:\/\/krystofbruha.cz\/kontakt\/\",\"name\":\"KONTAKT - Kry\u0161tof Br\u016fha\",\"isPartOf\":{\"@id\":\"https:\/\/krystofbruha.cz\/#website\"},\"datePublished\":\"2020-07-14T15:14:23+00:00\",\"dateModified\":\"2025-02-18T19:21:41+00:00\",\"description\":\"Contact to the artist Kry\u0161tof Br\u016fha\",\"breadcrumb\":{\"@id\":\"https:\/\/krystofbruha.cz\/kontakt\/#breadcrumb\"},\"inLanguage\":\"en-GB\",\"potentialAction\":[{\"@type\":\"ReadAction\",\"target\":[\"https:\/\/krystofbruha.cz\/kontakt\/\"]}]},{\"@type\":\"BreadcrumbList\",\"@id\":\"https:\/\/krystofbruha.cz\/kontakt\/#breadcrumb\",\"itemListElement\":[{\"@type\":\"ListItem\",\"position\":1,\"name\":\"Dom\u016f\",\"item\":\"https:\/\/krystofbruha.cz\/\"},{\"@type\":\"ListItem\",\"position\":2,\"name\":\"KONTAKT\"}]},{\"@type\":\"WebSite\",\"@id\":\"https:\/\/krystofbruha.cz\/#website\",\"url\":\"https:\/\/krystofbruha.cz\/\",\"name\":\"Kry\u0161tof Br\u016fha\",\"description\":\"artwork presentation \/ Kry\u0161tof Br\u016fha\",\"publisher\":{\"@id\":\"https:\/\/krystofbruha.cz\/#organization\"},\"potentialAction\":[{\"@type\":\"SearchAction\",\"target\":{\"@type\":\"EntryPoint\",\"urlTemplate\":\"https:\/\/krystofbruha.cz\/?s={search_term_string}\"},\"query-input\":{\"@type\":\"PropertyValueSpecification\",\"valueRequired\":true,\"valueName\":\"search_term_string\"}}],\"inLanguage\":\"en-GB\"},{\"@type\":\"Organization\",\"@id\":\"https:\/\/krystofbruha.cz\/#organization\",\"name\":\"Kry\u0161tof Br\u016fha\",\"url\":\"https:\/\/krystofbruha.cz\/\",\"logo\":{\"@type\":\"ImageObject\",\"inLanguage\":\"en-GB\",\"@id\":\"https:\/\/krystofbruha.cz\/#\/schema\/logo\/image\/\",\"url\":\"https:\/\/i0.wp.com\/www.krystofbruha.cz\/wp-content\/uploads\/2020\/11\/cropped-Favicon_01-1.png?fit=512%2C512&ssl=1\",\"contentUrl\":\"https:\/\/i0.wp.com\/www.krystofbruha.cz\/wp-content\/uploads\/2020\/11\/cropped-Favicon_01-1.png?fit=512%2C512&ssl=1\",\"width\":512,\"height\":512,\"caption\":\"Kry\u0161tof Br\u016fha\"},\"image\":{\"@id\":\"https:\/\/krystofbruha.cz\/#\/schema\/logo\/image\/\"},\"sameAs\":[\"https:\/\/www.facebook.com\/bruha.krystof.studio\/?ref=page_internal\",\"https:\/\/www.instagram.com\/krystof_bruha\/\",\"https:\/\/cz.pinterest.com\/Krystof_Bruha\/\",\"https:\/\/www.youtube.com\/channel\/UCVXoHTkjxIDFNVaVgQIvTiQ?disable_polymer=true\"]}]}<\/script>\n<!-- \/ Yoast SEO plugin. -->","yoast_head_json":{"title":"KONTAKT - Kry\u0161tof Br\u016fha","description":"Contact to the artist Kry\u0161tof Br\u016fha","robots":{"index":"index","follow":"follow","max-snippet":"max-snippet:-1","max-image-preview":"max-image-preview:large","max-video-preview":"max-video-preview:-1"},"canonical":"https:\/\/krystofbruha.cz\/en\/kontakt\/","og_locale":"en_GB","og_type":"article","og_title":"KONTAKT - Kry\u0161tof Br\u016fha","og_description":"Contact to the artist Kry\u0161tof Br\u016fha","og_url":"https:\/\/krystofbruha.cz\/en\/kontakt\/","og_site_name":"Kry\u0161tof Br\u016fha","article_publisher":"https:\/\/www.facebook.com\/bruha.krystof.studio\/?ref=page_internal","article_modified_time":"2025-02-18T19:21:41+00:00","twitter_card":"summary_large_image","schema":{"@context":"https:\/\/schema.org","@graph":[{"@type":"WebPage","@id":"https:\/\/krystofbruha.cz\/kontakt\/","url":"https:\/\/krystofbruha.cz\/kontakt\/","name":"KONTAKT - Kry\u0161tof Br\u016fha","isPartOf":{"@id":"https:\/\/krystofbruha.cz\/#website"},"datePublished":"2020-07-14T15:14:23+00:00","dateModified":"2025-02-18T19:21:41+00:00","description":"Contact to the artist Kry\u0161tof Br\u016fha","breadcrumb":{"@id":"https:\/\/krystofbruha.cz\/kontakt\/#breadcrumb"},"inLanguage":"en-GB","potentialAction":[{"@type":"ReadAction","target":["https:\/\/krystofbruha.cz\/kontakt\/"]}]},{"@type":"BreadcrumbList","@id":"https:\/\/krystofbruha.cz\/kontakt\/#breadcrumb","itemListElement":[{"@type":"ListItem","position":1,"name":"Dom\u016f","item":"https:\/\/krystofbruha.cz\/"},{"@type":"ListItem","position":2,"name":"KONTAKT"}]},{"@type":"WebSite","@id":"https:\/\/krystofbruha.cz\/#website","url":"https:\/\/krystofbruha.cz\/","name":"Kry\u0161tof Br\u016fha","description":"artwork presentation \/ Kry\u0161tof Br\u016fha","publisher":{"@id":"https:\/\/krystofbruha.cz\/#organization"},"potentialAction":[{"@type":"SearchAction","target":{"@type":"EntryPoint","urlTemplate":"https:\/\/krystofbruha.cz\/?s={search_term_string}"},"query-input":{"@type":"PropertyValueSpecification","valueRequired":true,"valueName":"search_term_string"}}],"inLanguage":"en-GB"},{"@type":"Organization","@id":"https:\/\/krystofbruha.cz\/#organization","name":"Kry\u0161tof Br\u016fha","url":"https:\/\/krystofbruha.cz\/","logo":{"@type":"ImageObject","inLanguage":"en-GB","@id":"https:\/\/krystofbruha.cz\/#\/schema\/logo\/image\/","url":"https:\/\/i0.wp.com\/www.krystofbruha.cz\/wp-content\/uploads\/2020\/11\/cropped-Favicon_01-1.png?fit=512%2C512&ssl=1","contentUrl":"https:\/\/i0.wp.com\/www.krystofbruha.cz\/wp-content\/uploads\/2020\/11\/cropped-Favicon_01-1.png?fit=512%2C512&ssl=1","width":512,"height":512,"caption":"Kry\u0161tof Br\u016fha"},"image":{"@id":"https:\/\/krystofbruha.cz\/#\/schema\/logo\/image\/"},"sameAs":["https:\/\/www.facebook.com\/bruha.krystof.studio\/?ref=page_internal","https:\/\/www.instagram.com\/krystof_bruha\/","https:\/\/cz.pinterest.com\/Krystof_Bruha\/","https:\/\/www.youtube.com\/channel\/UCVXoHTkjxIDFNVaVgQIvTiQ?disable_polymer=true"]}]}},"jetpack_sharing_enabled":true,"_links":{"self":[{"href":"https:\/\/krystofbruha.cz\/en\/wp-json\/wp\/v2\/pages\/48"}],"collection":[{"href":"https:\/\/krystofbruha.cz\/en\/wp-json\/wp\/v2\/pages"}],"about":[{"href":"https:\/\/krystofbruha.cz\/en\/wp-json\/wp\/v2\/types\/page"}],"author":[{"embeddable":true,"href":"https:\/\/krystofbruha.cz\/en\/wp-json\/wp\/v2\/users\/2"}],"replies":[{"embeddable":true,"href":"https:\/\/krystofbruha.cz\/en\/wp-json\/wp\/v2\/comments?post=48"}],"version-history":[{"count":17,"href":"https:\/\/krystofbruha.cz\/en\/wp-json\/wp\/v2\/pages\/48\/revisions"}],"predecessor-version":[{"id":3984,"href":"https:\/\/krystofbruha.cz\/en\/wp-json\/wp\/v2\/pages\/48\/revisions\/3984"}],"wp:attachment":[{"href":"https:\/\/krystofbruha.cz\/en\/wp-json\/wp\/v2\/media?parent=48"}],"curies":[{"name":"wp","href":"https:\/\/api.w.org\/{rel}","templated":true}]}}