{"id":9,"date":"2020-07-14T14:34:36","date_gmt":"2020-07-14T12:34:36","guid":{"rendered":"http:\/\/krystofbruha.cz\/?page_id=9"},"modified":"2026-05-09T10:42:43","modified_gmt":"2026-05-09T08:42:43","slug":"hlavni-stranka","status":"publish","type":"page","link":"https:\/\/krystofbruha.cz\/en\/","title":{"rendered":"Artwork Presentation"},"content":{"rendered":"<p>KRY\u0160TOF BR\u016eHA                                            Slide_06Slide_06Slide_06Slide_06Slide_06Slide_06Slide_06Slide_06Slide_06<img wpfc-lazyload-disable=\"true\" decoding=\"async\" id=\"n2-ss-3item1\" alt=\"\" loading=\"lazy\" width=\"1440\" height=\"2560\" data-skip-lazy=\"1\" src=\"\/\/krystofbruha.cz\/wp-content\/uploads\/2022\/07\/2100_1920-x-1080_AVCR_flow_detail_014-min-scaled.jpg\" \/>Slide_06Slide_06Slide_03Slide_04Slide_09Slide_06Slide_06Slide_06Slide_07                                                                                    <\/p>\n<p style=\"\"><span data-colors=\"\" data-highlight=\"0\" data-speed=\"5540\" data-typist=\"Magna Mutatio \/ Yamaneko|Magna Mutatio \/ Pantha Rei|Magna Mutatio \/ Natron|Magna Mutatio \/ Lake MacKay|Magna Mutatio \/ Gelu|Magna Mutatio Flumen|Magna Mutatio \/ Narrationem|Magna Mutatio|2100|Transmutatio|Resonare De INTER Solaris|Resonare De Audire Fluctus|Resonare de Inter Solaris|Inter Solaris|Audire Fluctus\" style=\"\">Mutatio Superstratum<\/span><\/p>\n<p style=\"\"><span data-colors=\"\" data-highlight=\"0\" data-speed=\"5540\" data-typist=\"Magna Mutatio \/ Yamaneko|Magna Mutatio \/ Pantha Rei|Magna Mutatio \/ Natron|Magna Mutatio \/ Lake MacKay|Magna Mutatio \/ Gelu|Magna Mutatio Flumen|Magna Mutatio \/ Narrationem|Magna Mutatio|2100|Transmutatio|Resonare De INTER Solaris|Resonare De Audire Fluctus|Resonare de Inter Solaris|Inter Solaris|Audire Fluctus\" style=\"\">Mutatio Superstratum<\/span><\/p>\n<p><span style=\"\"><img wpfc-lazyload-disable=\"true\" decoding=\"async\" alt=\"\" data-id=\"3550\" width=\"701\" data-init-width=\"2560\" height=\"496\" data-init-height=\"1810\" title=\"Mutatio_Super-Stratum-Drawing-v1-1\" loading=\"lazy\" src=\"https:\/\/krystofbruha.cz\/wp-content\/uploads\/2024\/02\/Mutatio_Super-Stratum-Drawing-v1-1-scaled.jpg\" data-width=\"701\" data-height=\"496\" style=\"aspect-ratio: auto 2560 \/ 1810;\" ml-d=\"0\" mt-d=\"-45\" center-v-d=\"false\"><\/span><span style=\"\"><img wpfc-lazyload-disable=\"true\" decoding=\"async\" alt=\"\" data-id=\"3555\" width=\"570\" data-init-width=\"2560\" height=\"403\" data-init-height=\"1810\" title=\"Inter_Solaris-Drawing-v1-1\" loading=\"lazy\" src=\"https:\/\/krystofbruha.cz\/wp-content\/uploads\/2024\/02\/Inter_Solaris-Drawing-v1-1-scaled.jpg\" data-width=\"570\" data-height=\"403\" style=\"aspect-ratio: auto 2560 \/ 1810;\" mt-d=\"-56\" center-v-d=\"false\" ml-d=\"0\" center-h-d=\"false\"><\/span><span style=\"\"><img wpfc-lazyload-disable=\"true\" decoding=\"async\" alt=\"\" data-id=\"3553\" width=\"597\" data-init-width=\"2560\" height=\"422\" data-init-height=\"1810\" title=\"Mutatio_Super-Stratum-Drawing-v1-4\" loading=\"lazy\" src=\"https:\/\/krystofbruha.cz\/wp-content\/uploads\/2024\/02\/Mutatio_Super-Stratum-Drawing-v1-4-scaled.jpg\" data-width=\"597\" data-height=\"422\" style=\"aspect-ratio: auto 2560 \/ 1810;\" ml-d=\"0\" mt-d=\"-27\" center-v-d=\"false\" center-h-d=\"false\"><\/span><span style=\"\"><img wpfc-lazyload-disable=\"true\" decoding=\"async\" alt=\"\" data-id=\"3563\" width=\"692\" data-init-width=\"2560\" height=\"489\" data-init-height=\"1810\" title=\"Inter_Solaris-Drawing-v1-9\" loading=\"lazy\" src=\"https:\/\/krystofbruha.cz\/wp-content\/uploads\/2024\/02\/Inter_Solaris-Drawing-v1-9-scaled.jpg\" data-width=\"692\" data-height=\"489\" style=\"aspect-ratio: auto 2560 \/ 1810;\" mt-d=\"-41\" ml-d=\"0\" center-v-d=\"false\"><\/span><span style=\"\"><img wpfc-lazyload-disable=\"true\" decoding=\"async\" alt=\"\" data-id=\"3559\" width=\"981\" data-init-width=\"2560\" height=\"694\" data-init-height=\"1810\" title=\"Inter_Solaris-Drawing-v1-5\" loading=\"lazy\" src=\"https:\/\/krystofbruha.cz\/wp-content\/uploads\/2024\/02\/Inter_Solaris-Drawing-v1-5-scaled.jpg\" data-width=\"981\" data-height=\"694\" style=\"aspect-ratio: auto 2560 \/ 1810;\" ml-d=\"0\" mt-d=\"-30\" center-v-d=\"true\" center-h-d=\"false\"><\/span><span style=\"\"><img wpfc-lazyload-disable=\"true\" decoding=\"async\" alt=\"\" data-id=\"3551\" width=\"781\" data-init-width=\"2560\" height=\"552\" data-init-height=\"1810\" title=\"Mutatio_Super-Stratum-Drawing-v1-2\" loading=\"lazy\" src=\"https:\/\/krystofbruha.cz\/wp-content\/uploads\/2024\/02\/Mutatio_Super-Stratum-Drawing-v1-2-scaled.jpg\" data-width=\"781\" data-height=\"552\" style=\"aspect-ratio: auto 2560 \/ 1810;\" mt-d=\"0\" ml-d=\"-7.436999999999898\" center-v-d=\"false\" center-h-d=\"false\"><\/span><\/p>\n<p style=\"\">Kry\u0161tof Br\u016fha is an intermedia artist working in Prague. His works explore distinctive environments and spaces, from the environmental to the technological and virtual. He focuses on the influences acting on these places and their overall transformation over time. This mapping of space and time through artistic artefacts offers the viewer a new perspective on reality.<\/p>\n<p style=\"\">Br\u016fha often uses scientific methods in his work, which is reflected in the aesthetics of his works. He uses specifically designed algorithms, generative design and machine learning during the evolution of each installation, and reverse engineering, Rapid Prototyping and CNC machines during the implementation. At the end of the process, original works of art are created in which we can observe the influence of technological and natural phenomena.<\/p>\n<p><a href=\"https:\/\/krystofbruha.cz\/en\/audire-fluctus-mark-2\/\" dynamic-postlink=\"tcb_post_the_permalink\" data-shortcode-id=\"3663\"><\/a><a href=\"https:\/\/krystofbruha.cz\/en\/mutatio-superstratum\/\" dynamic-postlink=\"tcb_post_the_permalink\" data-shortcode-id=\"3663\"><\/a><a href=\"https:\/\/krystofbruha.cz\/en\/magana-mutatio-aurei-montis\/\" dynamic-postlink=\"tcb_post_the_permalink\" data-shortcode-id=\"3663\"><\/a><a href=\"https:\/\/krystofbruha.cz\/en\/magna-mutatio-yamaneko\/\" dynamic-postlink=\"tcb_post_the_permalink\" data-shortcode-id=\"3663\"><\/a><a href=\"https:\/\/krystofbruha.cz\/en\/instalace-magna-mutatio-pantha-rei\/\" dynamic-postlink=\"tcb_post_the_permalink\" data-shortcode-id=\"3663\"><\/a><a href=\"https:\/\/krystofbruha.cz\/en\/magna-mutatio-natron\/\" dynamic-postlink=\"tcb_post_the_permalink\" data-shortcode-id=\"3663\"><\/a><a href=\"https:\/\/krystofbruha.cz\/en\/magna-mutatio-lake-mackay\/\" dynamic-postlink=\"tcb_post_the_permalink\" data-shortcode-id=\"3663\"><\/a><a href=\"https:\/\/krystofbruha.cz\/en\/magna-mutatio-gelu\/\" dynamic-postlink=\"tcb_post_the_permalink\" data-shortcode-id=\"3663\"><\/a><a href=\"https:\/\/krystofbruha.cz\/en\/grafika-roku-2021-magna-mutatio-flumen-gen-2-0\/\" dynamic-postlink=\"tcb_post_the_permalink\" data-shortcode-id=\"3663\"><\/a><a href=\"https:\/\/krystofbruha.cz\/en\/magna-mutatio-narrationem\/\" dynamic-postlink=\"tcb_post_the_permalink\" data-shortcode-id=\"3663\"><\/a><a href=\"https:\/\/krystofbruha.cz\/en\/magna-mutatio\/\" dynamic-postlink=\"tcb_post_the_permalink\" data-shortcode-id=\"3663\"><\/a><a href=\"https:\/\/krystofbruha.cz\/en\/2100-00\/\" dynamic-postlink=\"tcb_post_the_permalink\" data-shortcode-id=\"3663\"><\/a><a href=\"https:\/\/krystofbruha.cz\/en\/transmutatio\/\" dynamic-postlink=\"tcb_post_the_permalink\" data-shortcode-id=\"3663\"><\/a><a href=\"https:\/\/krystofbruha.cz\/en\/resonare-de-inter-solaris-video-story\/\" dynamic-postlink=\"tcb_post_the_permalink\" data-shortcode-id=\"3663\"><\/a><a href=\"https:\/\/krystofbruha.cz\/en\/intra-fluidum\/\" dynamic-postlink=\"tcb_post_the_permalink\" data-shortcode-id=\"3663\"><\/a><a href=\"https:\/\/krystofbruha.cz\/en\/resonare-de-audire-fluctus\/\" dynamic-postlink=\"tcb_post_the_permalink\" data-shortcode-id=\"3663\"><\/a><a href=\"https:\/\/krystofbruha.cz\/en\/resonare-de-inter-solaris\/\" dynamic-postlink=\"tcb_post_the_permalink\" data-shortcode-id=\"3663\"><\/a><a href=\"https:\/\/krystofbruha.cz\/en\/nejkrasnejsi-vek\/\" dynamic-postlink=\"tcb_post_the_permalink\" data-shortcode-id=\"3663\"><\/a><\/p>","protected":false},"excerpt":{"rendered":"<p>KRY\u0160TOF BR\u016eHA Slide_06Slide_06Slide_06Slide_06Slide_06Slide_06Slide_06Slide_06Slide_06Slide_06Slide_06Slide_03Slide_04Slide_09Slide_06Slide_06Slide_06Slide_07 Mutatio Superstratum Mutatio Superstratum Kry\u0161tof Br\u016fha je intermedi\u00e1ln\u00ed um\u011blec tvo\u0159\u00edc\u00ed v Praze. Ve sv\u00fdch d\u00edlech zkoum\u00e1 osobit\u011b zvolen\u00e1 prost\u0159ed\u00ed a prostory, od environment\u00e1ln\u00edch a\u017e po technologick\u00e9 a virtu\u00e1ln\u00ed. Zam\u011b\u0159uje se na vlivy p\u016fsob\u00edc\u00ed na tato m\u00edsta a na jejich celkovou transformaci v \u010dase. Takov\u00e9to mapov\u00e1n\u00ed prostoru a \u010dasu skrze um\u011bleck\u00e9 artefakty nab\u00edz\u00ed &#8230; <a title=\"Artwork Presentation\" class=\"read-more\" href=\"https:\/\/krystofbruha.cz\/en\/\" aria-label=\"Read more about Artwork Presentation\">Read more<\/a><\/p>","protected":false},"author":2,"featured_media":0,"parent":0,"menu_order":0,"comment_status":"closed","ping_status":"closed","template":"","meta":{"footnotes":""},"class_list":["post-9","page","type-page","status-publish"],"yoast_head":"<!-- This site is optimized with the Yoast SEO plugin v23.6 - https:\/\/yoast.com\/wordpress\/plugins\/seo\/ -->\n<title>Kry\u0161tof Br\u016fha - Artist<\/title>\n<meta name=\"description\" content=\"Official website of Czech artist Kry\u0161tof Br\u016fha and his works. Which include, procedural objects, site-specific actions, and installations.\" \/>\n<meta name=\"robots\" content=\"index, follow, max-snippet:-1, max-image-preview:large, max-video-preview:-1\" \/>\n<link rel=\"canonical\" href=\"https:\/\/krystofbruha.cz\/en\/\" \/>\n<meta property=\"og:locale\" content=\"en_GB\" \/>\n<meta property=\"og:type\" content=\"article\" \/>\n<meta property=\"og:title\" content=\"Kry\u0161tof Br\u016fha - Artist\" \/>\n<meta property=\"og:description\" content=\"Official website of Czech artist Kry\u0161tof Br\u016fha and his works. Which include, procedural objects, site-specific actions, and installations.\" \/>\n<meta property=\"og:url\" content=\"https:\/\/krystofbruha.cz\/en\/\" \/>\n<meta property=\"og:site_name\" content=\"Kry\u0161tof Br\u016fha\" \/>\n<meta property=\"article:publisher\" content=\"https:\/\/www.facebook.com\/bruha.krystof.studio\/?ref=page_internal\" \/>\n<meta property=\"article:modified_time\" content=\"2026-05-09T08:42:43+00:00\" \/>\n<meta property=\"og:image\" content=\"https:\/\/krystofbruha.cz\/wp-content\/uploads\/2024\/02\/Mutatio_Super-Stratum-Drawing-v1-1-scaled.jpg\" \/>\n<meta name=\"twitter:card\" content=\"summary_large_image\" \/>\n<meta name=\"twitter:label1\" content=\"Estimated reading time\" \/>\n\t<meta name=\"twitter:data1\" content=\"1 minute\" \/>\n<script type=\"application\/ld+json\" class=\"yoast-schema-graph\">{\"@context\":\"https:\/\/schema.org\",\"@graph\":[{\"@type\":\"WebPage\",\"@id\":\"https:\/\/krystofbruha.cz\/\",\"url\":\"https:\/\/krystofbruha.cz\/\",\"name\":\"Kry\u0161tof Br\u016fha - Artist\",\"isPartOf\":{\"@id\":\"https:\/\/krystofbruha.cz\/#website\"},\"primaryImageOfPage\":{\"@id\":\"https:\/\/krystofbruha.cz\/#primaryimage\"},\"image\":{\"@id\":\"https:\/\/krystofbruha.cz\/#primaryimage\"},\"thumbnailUrl\":\"https:\/\/krystofbruha.cz\/wp-content\/uploads\/2024\/02\/Mutatio_Super-Stratum-Drawing-v1-1-scaled.jpg\",\"datePublished\":\"2020-07-14T12:34:36+00:00\",\"dateModified\":\"2026-05-09T08:42:43+00:00\",\"description\":\"Official website of Czech artist Kry\u0161tof Br\u016fha and his works. Which include, procedural objects, site-specific actions, and installations.\",\"breadcrumb\":{\"@id\":\"https:\/\/krystofbruha.cz\/#breadcrumb\"},\"inLanguage\":\"en-GB\",\"potentialAction\":[{\"@type\":\"ReadAction\",\"target\":[\"https:\/\/krystofbruha.cz\/\"]}]},{\"@type\":\"ImageObject\",\"inLanguage\":\"en-GB\",\"@id\":\"https:\/\/krystofbruha.cz\/#primaryimage\",\"url\":\"https:\/\/krystofbruha.cz\/wp-content\/uploads\/2024\/02\/Mutatio_Super-Stratum-Drawing-v1-1-scaled.jpg\",\"contentUrl\":\"https:\/\/krystofbruha.cz\/wp-content\/uploads\/2024\/02\/Mutatio_Super-Stratum-Drawing-v1-1-scaled.jpg\"},{\"@type\":\"BreadcrumbList\",\"@id\":\"https:\/\/krystofbruha.cz\/#breadcrumb\",\"itemListElement\":[{\"@type\":\"ListItem\",\"position\":1,\"name\":\"Dom\u016f\",\"item\":\"https:\/\/krystofbruha.cz\/\"},{\"@type\":\"ListItem\",\"position\":2,\"name\":\"Artwork Presentation\"}]},{\"@type\":\"WebSite\",\"@id\":\"https:\/\/krystofbruha.cz\/#website\",\"url\":\"https:\/\/krystofbruha.cz\/\",\"name\":\"Kry\u0161tof Br\u016fha\",\"description\":\"artwork presentation \/ Kry\u0161tof Br\u016fha\",\"publisher\":{\"@id\":\"https:\/\/krystofbruha.cz\/#organization\"},\"potentialAction\":[{\"@type\":\"SearchAction\",\"target\":{\"@type\":\"EntryPoint\",\"urlTemplate\":\"https:\/\/krystofbruha.cz\/?s={search_term_string}\"},\"query-input\":{\"@type\":\"PropertyValueSpecification\",\"valueRequired\":true,\"valueName\":\"search_term_string\"}}],\"inLanguage\":\"en-GB\"},{\"@type\":\"Organization\",\"@id\":\"https:\/\/krystofbruha.cz\/#organization\",\"name\":\"Kry\u0161tof Br\u016fha\",\"url\":\"https:\/\/krystofbruha.cz\/\",\"logo\":{\"@type\":\"ImageObject\",\"inLanguage\":\"en-GB\",\"@id\":\"https:\/\/krystofbruha.cz\/#\/schema\/logo\/image\/\",\"url\":\"https:\/\/i0.wp.com\/www.krystofbruha.cz\/wp-content\/uploads\/2020\/11\/cropped-Favicon_01-1.png?fit=512%2C512&ssl=1\",\"contentUrl\":\"https:\/\/i0.wp.com\/www.krystofbruha.cz\/wp-content\/uploads\/2020\/11\/cropped-Favicon_01-1.png?fit=512%2C512&ssl=1\",\"width\":512,\"height\":512,\"caption\":\"Kry\u0161tof Br\u016fha\"},\"image\":{\"@id\":\"https:\/\/krystofbruha.cz\/#\/schema\/logo\/image\/\"},\"sameAs\":[\"https:\/\/www.facebook.com\/bruha.krystof.studio\/?ref=page_internal\",\"https:\/\/www.instagram.com\/krystof_bruha\/\",\"https:\/\/cz.pinterest.com\/Krystof_Bruha\/\",\"https:\/\/www.youtube.com\/channel\/UCVXoHTkjxIDFNVaVgQIvTiQ?disable_polymer=true\"]}]}<\/script>\n<!-- \/ Yoast SEO plugin. -->","yoast_head_json":{"title":"Kry\u0161tof Br\u016fha - Artist","description":"Official website of Czech artist Kry\u0161tof Br\u016fha and his works. Which include, procedural objects, site-specific actions, and installations.","robots":{"index":"index","follow":"follow","max-snippet":"max-snippet:-1","max-image-preview":"max-image-preview:large","max-video-preview":"max-video-preview:-1"},"canonical":"https:\/\/krystofbruha.cz\/en\/","og_locale":"en_GB","og_type":"article","og_title":"Kry\u0161tof Br\u016fha - Artist","og_description":"Official website of Czech artist Kry\u0161tof Br\u016fha and his works. Which include, procedural objects, site-specific actions, and installations.","og_url":"https:\/\/krystofbruha.cz\/en\/","og_site_name":"Kry\u0161tof Br\u016fha","article_publisher":"https:\/\/www.facebook.com\/bruha.krystof.studio\/?ref=page_internal","article_modified_time":"2026-05-09T08:42:43+00:00","og_image":[{"url":"https:\/\/krystofbruha.cz\/wp-content\/uploads\/2024\/02\/Mutatio_Super-Stratum-Drawing-v1-1-scaled.jpg"}],"twitter_card":"summary_large_image","twitter_misc":{"Estimated reading time":"1 minute"},"schema":{"@context":"https:\/\/schema.org","@graph":[{"@type":"WebPage","@id":"https:\/\/krystofbruha.cz\/","url":"https:\/\/krystofbruha.cz\/","name":"Kry\u0161tof Br\u016fha - Artist","isPartOf":{"@id":"https:\/\/krystofbruha.cz\/#website"},"primaryImageOfPage":{"@id":"https:\/\/krystofbruha.cz\/#primaryimage"},"image":{"@id":"https:\/\/krystofbruha.cz\/#primaryimage"},"thumbnailUrl":"https:\/\/krystofbruha.cz\/wp-content\/uploads\/2024\/02\/Mutatio_Super-Stratum-Drawing-v1-1-scaled.jpg","datePublished":"2020-07-14T12:34:36+00:00","dateModified":"2026-05-09T08:42:43+00:00","description":"Official website of Czech artist Kry\u0161tof Br\u016fha and his works. Which include, procedural objects, site-specific actions, and installations.","breadcrumb":{"@id":"https:\/\/krystofbruha.cz\/#breadcrumb"},"inLanguage":"en-GB","potentialAction":[{"@type":"ReadAction","target":["https:\/\/krystofbruha.cz\/"]}]},{"@type":"ImageObject","inLanguage":"en-GB","@id":"https:\/\/krystofbruha.cz\/#primaryimage","url":"https:\/\/krystofbruha.cz\/wp-content\/uploads\/2024\/02\/Mutatio_Super-Stratum-Drawing-v1-1-scaled.jpg","contentUrl":"https:\/\/krystofbruha.cz\/wp-content\/uploads\/2024\/02\/Mutatio_Super-Stratum-Drawing-v1-1-scaled.jpg"},{"@type":"BreadcrumbList","@id":"https:\/\/krystofbruha.cz\/#breadcrumb","itemListElement":[{"@type":"ListItem","position":1,"name":"Dom\u016f","item":"https:\/\/krystofbruha.cz\/"},{"@type":"ListItem","position":2,"name":"Artwork Presentation"}]},{"@type":"WebSite","@id":"https:\/\/krystofbruha.cz\/#website","url":"https:\/\/krystofbruha.cz\/","name":"Kry\u0161tof Br\u016fha","description":"artwork presentation \/ Kry\u0161tof Br\u016fha","publisher":{"@id":"https:\/\/krystofbruha.cz\/#organization"},"potentialAction":[{"@type":"SearchAction","target":{"@type":"EntryPoint","urlTemplate":"https:\/\/krystofbruha.cz\/?s={search_term_string}"},"query-input":{"@type":"PropertyValueSpecification","valueRequired":true,"valueName":"search_term_string"}}],"inLanguage":"en-GB"},{"@type":"Organization","@id":"https:\/\/krystofbruha.cz\/#organization","name":"Kry\u0161tof Br\u016fha","url":"https:\/\/krystofbruha.cz\/","logo":{"@type":"ImageObject","inLanguage":"en-GB","@id":"https:\/\/krystofbruha.cz\/#\/schema\/logo\/image\/","url":"https:\/\/i0.wp.com\/www.krystofbruha.cz\/wp-content\/uploads\/2020\/11\/cropped-Favicon_01-1.png?fit=512%2C512&ssl=1","contentUrl":"https:\/\/i0.wp.com\/www.krystofbruha.cz\/wp-content\/uploads\/2020\/11\/cropped-Favicon_01-1.png?fit=512%2C512&ssl=1","width":512,"height":512,"caption":"Kry\u0161tof Br\u016fha"},"image":{"@id":"https:\/\/krystofbruha.cz\/#\/schema\/logo\/image\/"},"sameAs":["https:\/\/www.facebook.com\/bruha.krystof.studio\/?ref=page_internal","https:\/\/www.instagram.com\/krystof_bruha\/","https:\/\/cz.pinterest.com\/Krystof_Bruha\/","https:\/\/www.youtube.com\/channel\/UCVXoHTkjxIDFNVaVgQIvTiQ?disable_polymer=true"]}]}},"jetpack_sharing_enabled":true,"_links":{"self":[{"href":"https:\/\/krystofbruha.cz\/en\/wp-json\/wp\/v2\/pages\/9"}],"collection":[{"href":"https:\/\/krystofbruha.cz\/en\/wp-json\/wp\/v2\/pages"}],"about":[{"href":"https:\/\/krystofbruha.cz\/en\/wp-json\/wp\/v2\/types\/page"}],"author":[{"embeddable":true,"href":"https:\/\/krystofbruha.cz\/en\/wp-json\/wp\/v2\/users\/2"}],"replies":[{"embeddable":true,"href":"https:\/\/krystofbruha.cz\/en\/wp-json\/wp\/v2\/comments?post=9"}],"version-history":[{"count":50,"href":"https:\/\/krystofbruha.cz\/en\/wp-json\/wp\/v2\/pages\/9\/revisions"}],"predecessor-version":[{"id":4008,"href":"https:\/\/krystofbruha.cz\/en\/wp-json\/wp\/v2\/pages\/9\/revisions\/4008"}],"wp:attachment":[{"href":"https:\/\/krystofbruha.cz\/en\/wp-json\/wp\/v2\/media?parent=9"}],"curies":[{"name":"wp","href":"https:\/\/api.w.org\/{rel}","templated":true}]}}