{"id":1431,"date":"2020-08-10T17:04:45","date_gmt":"2020-08-10T15:04:45","guid":{"rendered":"http:\/\/krystofbruha.cz\/?post_type=product&#038;p=1431"},"modified":"2022-10-01T01:20:23","modified_gmt":"2022-09-30T23:20:23","slug":"resonare-de-inter-solaris-vypal-01-pozice-01","status":"publish","type":"product","link":"https:\/\/krystofbruha.cz\/en\/product\/resonare-de-inter-solaris-vypal-01-pozice-01\/","title":{"rendered":"Resonare de Inter Solaris \/ Burn 01 \/ Position 01"},"content":{"rendered":"<p><strong>Grafick\u00fd list \/ Resonare de Inter Solaris \/ V\u00fdpal 01 \/ Pozice 01<\/strong><\/p>\n<p>Year of origin: 2019<br \/>\nTechnique: printing using a robotic arm on paper<br \/>\nDimensions: 707 \u00d7 1000 mm<\/p>\n<p>The series of prints by the <a href=\"http:\/\/krystofbruha.cz\/en\/resonare-de-inter-solaris\/\">Resonare de Inter Solaris<\/a> robotic arm builds on previous actions of the <a href=\"http:\/\/krystofbruha.cz\/en\/inter-solaris\/\">Inter Solaris<\/a>In the past, the sculpture has traveled to various locations and remelted rocks using the sun's rays. <a href=\"http:\/\/krystofbruha.cz\/en\/inter-solaris\/\">Inter Solaris<\/a> aimed to record the moment that was inscribed into the rock through its remelting. In addition to the medium, the rock also served as evidence of the event's location. The main artifact, which was originally a rock remelted by the sun's rays, is a series of drawings created through the robotic arm's action. This processual reproduction of rocks suggests their further progressive analysis and thus creates a relic of past actions of the <a href=\"http:\/\/krystofbruha.cz\/en\/inter-solaris\/\">Inter Solaris<\/a>.<\/p>\n<p><em>Graphic sheet from the series\u00a0<a href=\"http:\/\/krystofbruha.cz\/en\/resonare-de-inter-solaris\/\">Resonare de Inter Solaris<\/a> was awarded in the competition <a href=\"http:\/\/hollar.cz\/wp-content\/uploads\/2020\/01\/laureati-prezi10.jpg\">Graphics Of The Year 2019<\/a> in category computer graphics.<\/em><\/p>","protected":false},"excerpt":{"rendered":"<ul>\n<li>Graphic sheet<\/li>\n<li>Year of origin: 2019<\/li>\n<li>Technique: printing using a robotic arm on paper<\/li>\n<li>Dimensions: 707 \u00d7 1000 mm<\/li>\n<\/ul>","protected":false},"featured_media":1011,"template":"","meta":[],"product_cat":[55,61,42],"product_tag":[45,46,44,43],"class_list":{"0":"post-1431","1":"product","2":"type-product","3":"status-publish","4":"has-post-thumbnail","6":"product_cat-grafika","7":"product_cat-grafika-hornina-01","8":"product_cat-resonare-de-inter-solari","9":"product_tag-hornina","10":"product_tag-inkoust","11":"product_tag-papir","12":"product_tag-tisk","14":"first","15":"outofstock","16":"sold-individually","17":"taxable","18":"shipping-taxable","19":"purchasable","20":"product-type-variable"},"yoast_head":"<!-- This site is optimized with the Yoast SEO plugin v23.6 - https:\/\/yoast.com\/wordpress\/plugins\/seo\/ -->\n<title>Resonare de Inter Solaris \/ V\u00fdpal 01 \/ Pozice 01 - Kry\u0161tof Br\u016fha<\/title>\n<meta name=\"description\" content=\"Grafika \/ Resonare de Inter Solaristisk \/ tisk pomoc\u00ed robotick\u00e9ho ramene na pap\u00edr \/ 707 \u00d7 1000 mm\" \/>\n<meta name=\"robots\" content=\"index, follow, max-snippet:-1, max-image-preview:large, max-video-preview:-1\" \/>\n<link rel=\"canonical\" href=\"https:\/\/krystofbruha.cz\/en\/product\/resonare-de-inter-solaris-vypal-01-pozice-01\/\" \/>\n<meta property=\"og:locale\" content=\"en_GB\" \/>\n<meta property=\"og:type\" content=\"article\" \/>\n<meta property=\"og:title\" content=\"Resonare de Inter Solaris \/ V\u00fdpal 01 \/ Pozice 01 - Kry\u0161tof Br\u016fha\" \/>\n<meta property=\"og:description\" content=\"Grafika \/ Resonare de Inter Solaristisk \/ tisk pomoc\u00ed robotick\u00e9ho ramene na pap\u00edr \/ 707 \u00d7 1000 mm\" \/>\n<meta property=\"og:url\" content=\"https:\/\/krystofbruha.cz\/en\/product\/resonare-de-inter-solaris-vypal-01-pozice-01\/\" \/>\n<meta property=\"og:site_name\" content=\"Kry\u0161tof Br\u016fha\" \/>\n<meta property=\"article:publisher\" content=\"https:\/\/www.facebook.com\/bruha.krystof.studio\/?ref=page_internal\" \/>\n<meta property=\"article:modified_time\" content=\"2022-09-30T23:20:23+00:00\" \/>\n<meta property=\"og:image\" content=\"https:\/\/krystofbruha.cz\/wp-content\/uploads\/2020\/07\/kamen_01_pozice_01_TEST_02-min-scaled.jpg\" \/>\n\t<meta property=\"og:image:width\" content=\"2560\" \/>\n\t<meta property=\"og:image:height\" content=\"2560\" \/>\n\t<meta property=\"og:image:type\" content=\"image\/jpeg\" \/>\n<meta name=\"twitter:card\" content=\"summary_large_image\" \/>\n<meta name=\"twitter:label1\" content=\"Estimated reading time\" \/>\n\t<meta name=\"twitter:data1\" content=\"1 minute\" \/>\n<script type=\"application\/ld+json\" class=\"yoast-schema-graph\">{\"@context\":\"https:\/\/schema.org\",\"@graph\":[{\"@type\":\"WebPage\",\"@id\":\"https:\/\/krystofbruha.cz\/produkt\/resonare-de-inter-solaris-vypal-01-pozice-01\/\",\"url\":\"https:\/\/krystofbruha.cz\/produkt\/resonare-de-inter-solaris-vypal-01-pozice-01\/\",\"name\":\"Resonare de Inter Solaris \/ V\u00fdpal 01 \/ Pozice 01 - Kry\u0161tof Br\u016fha\",\"isPartOf\":{\"@id\":\"https:\/\/krystofbruha.cz\/#website\"},\"primaryImageOfPage\":{\"@id\":\"https:\/\/krystofbruha.cz\/produkt\/resonare-de-inter-solaris-vypal-01-pozice-01\/#primaryimage\"},\"image\":{\"@id\":\"https:\/\/krystofbruha.cz\/produkt\/resonare-de-inter-solaris-vypal-01-pozice-01\/#primaryimage\"},\"thumbnailUrl\":\"https:\/\/krystofbruha.cz\/wp-content\/uploads\/2020\/07\/kamen_01_pozice_01_TEST_02-min-scaled.jpg\",\"datePublished\":\"2020-08-10T15:04:45+00:00\",\"dateModified\":\"2022-09-30T23:20:23+00:00\",\"description\":\"Grafika \/ Resonare de Inter Solaristisk \/ tisk pomoc\u00ed robotick\u00e9ho ramene na pap\u00edr \/ 707 \u00d7 1000 mm\",\"breadcrumb\":{\"@id\":\"https:\/\/krystofbruha.cz\/produkt\/resonare-de-inter-solaris-vypal-01-pozice-01\/#breadcrumb\"},\"inLanguage\":\"en-GB\",\"potentialAction\":[{\"@type\":\"ReadAction\",\"target\":[\"https:\/\/krystofbruha.cz\/produkt\/resonare-de-inter-solaris-vypal-01-pozice-01\/\"]}]},{\"@type\":\"ImageObject\",\"inLanguage\":\"en-GB\",\"@id\":\"https:\/\/krystofbruha.cz\/produkt\/resonare-de-inter-solaris-vypal-01-pozice-01\/#primaryimage\",\"url\":\"https:\/\/krystofbruha.cz\/wp-content\/uploads\/2020\/07\/kamen_01_pozice_01_TEST_02-min-scaled.jpg\",\"contentUrl\":\"https:\/\/krystofbruha.cz\/wp-content\/uploads\/2020\/07\/kamen_01_pozice_01_TEST_02-min-scaled.jpg\",\"width\":2560,\"height\":2560},{\"@type\":\"BreadcrumbList\",\"@id\":\"https:\/\/krystofbruha.cz\/produkt\/resonare-de-inter-solaris-vypal-01-pozice-01\/#breadcrumb\",\"itemListElement\":[{\"@type\":\"ListItem\",\"position\":1,\"name\":\"Dom\u016f\",\"item\":\"https:\/\/krystofbruha.cz\/\"},{\"@type\":\"ListItem\",\"position\":2,\"name\":\"Products\",\"item\":\"https:\/\/krystofbruha.cz\/en\/shop\/\"},{\"@type\":\"ListItem\",\"position\":3,\"name\":\"Resonare de Inter Solaris \/ V\u00fdpal 01 \/ Pozice 01\"}]},{\"@type\":\"WebSite\",\"@id\":\"https:\/\/krystofbruha.cz\/#website\",\"url\":\"https:\/\/krystofbruha.cz\/\",\"name\":\"Kry\u0161tof Br\u016fha\",\"description\":\"artwork presentation \/ Kry\u0161tof Br\u016fha\",\"publisher\":{\"@id\":\"https:\/\/krystofbruha.cz\/#organization\"},\"potentialAction\":[{\"@type\":\"SearchAction\",\"target\":{\"@type\":\"EntryPoint\",\"urlTemplate\":\"https:\/\/krystofbruha.cz\/?s={search_term_string}\"},\"query-input\":{\"@type\":\"PropertyValueSpecification\",\"valueRequired\":true,\"valueName\":\"search_term_string\"}}],\"inLanguage\":\"en-GB\"},{\"@type\":\"Organization\",\"@id\":\"https:\/\/krystofbruha.cz\/#organization\",\"name\":\"Kry\u0161tof Br\u016fha\",\"url\":\"https:\/\/krystofbruha.cz\/\",\"logo\":{\"@type\":\"ImageObject\",\"inLanguage\":\"en-GB\",\"@id\":\"https:\/\/krystofbruha.cz\/#\/schema\/logo\/image\/\",\"url\":\"https:\/\/i0.wp.com\/www.krystofbruha.cz\/wp-content\/uploads\/2020\/11\/cropped-Favicon_01-1.png?fit=512%2C512&ssl=1\",\"contentUrl\":\"https:\/\/i0.wp.com\/www.krystofbruha.cz\/wp-content\/uploads\/2020\/11\/cropped-Favicon_01-1.png?fit=512%2C512&ssl=1\",\"width\":512,\"height\":512,\"caption\":\"Kry\u0161tof Br\u016fha\"},\"image\":{\"@id\":\"https:\/\/krystofbruha.cz\/#\/schema\/logo\/image\/\"},\"sameAs\":[\"https:\/\/www.facebook.com\/bruha.krystof.studio\/?ref=page_internal\",\"https:\/\/www.instagram.com\/krystof_bruha\/\",\"https:\/\/cz.pinterest.com\/Krystof_Bruha\/\",\"https:\/\/www.youtube.com\/channel\/UCVXoHTkjxIDFNVaVgQIvTiQ?disable_polymer=true\"]}]}<\/script>\n<!-- \/ Yoast SEO plugin. -->","yoast_head_json":{"title":"Resonare de Inter Solaris \/ V\u00fdpal 01 \/ Pozice 01 - Kry\u0161tof Br\u016fha","description":"Grafika \/ Resonare de Inter Solaristisk \/ tisk pomoc\u00ed robotick\u00e9ho ramene na pap\u00edr \/ 707 \u00d7 1000 mm","robots":{"index":"index","follow":"follow","max-snippet":"max-snippet:-1","max-image-preview":"max-image-preview:large","max-video-preview":"max-video-preview:-1"},"canonical":"https:\/\/krystofbruha.cz\/en\/product\/resonare-de-inter-solaris-vypal-01-pozice-01\/","og_locale":"en_GB","og_type":"article","og_title":"Resonare de Inter Solaris \/ V\u00fdpal 01 \/ Pozice 01 - Kry\u0161tof Br\u016fha","og_description":"Grafika \/ Resonare de Inter Solaristisk \/ tisk pomoc\u00ed robotick\u00e9ho ramene na pap\u00edr \/ 707 \u00d7 1000 mm","og_url":"https:\/\/krystofbruha.cz\/en\/product\/resonare-de-inter-solaris-vypal-01-pozice-01\/","og_site_name":"Kry\u0161tof Br\u016fha","article_publisher":"https:\/\/www.facebook.com\/bruha.krystof.studio\/?ref=page_internal","article_modified_time":"2022-09-30T23:20:23+00:00","og_image":[{"width":2560,"height":2560,"url":"https:\/\/krystofbruha.cz\/wp-content\/uploads\/2020\/07\/kamen_01_pozice_01_TEST_02-min-scaled.jpg","type":"image\/jpeg"}],"twitter_card":"summary_large_image","twitter_misc":{"Estimated reading time":"1 minute"},"schema":{"@context":"https:\/\/schema.org","@graph":[{"@type":"WebPage","@id":"https:\/\/krystofbruha.cz\/produkt\/resonare-de-inter-solaris-vypal-01-pozice-01\/","url":"https:\/\/krystofbruha.cz\/produkt\/resonare-de-inter-solaris-vypal-01-pozice-01\/","name":"Resonare de Inter Solaris \/ V\u00fdpal 01 \/ Pozice 01 - Kry\u0161tof Br\u016fha","isPartOf":{"@id":"https:\/\/krystofbruha.cz\/#website"},"primaryImageOfPage":{"@id":"https:\/\/krystofbruha.cz\/produkt\/resonare-de-inter-solaris-vypal-01-pozice-01\/#primaryimage"},"image":{"@id":"https:\/\/krystofbruha.cz\/produkt\/resonare-de-inter-solaris-vypal-01-pozice-01\/#primaryimage"},"thumbnailUrl":"https:\/\/krystofbruha.cz\/wp-content\/uploads\/2020\/07\/kamen_01_pozice_01_TEST_02-min-scaled.jpg","datePublished":"2020-08-10T15:04:45+00:00","dateModified":"2022-09-30T23:20:23+00:00","description":"Grafika \/ Resonare de Inter Solaristisk \/ tisk pomoc\u00ed robotick\u00e9ho ramene na pap\u00edr \/ 707 \u00d7 1000 mm","breadcrumb":{"@id":"https:\/\/krystofbruha.cz\/produkt\/resonare-de-inter-solaris-vypal-01-pozice-01\/#breadcrumb"},"inLanguage":"en-GB","potentialAction":[{"@type":"ReadAction","target":["https:\/\/krystofbruha.cz\/produkt\/resonare-de-inter-solaris-vypal-01-pozice-01\/"]}]},{"@type":"ImageObject","inLanguage":"en-GB","@id":"https:\/\/krystofbruha.cz\/produkt\/resonare-de-inter-solaris-vypal-01-pozice-01\/#primaryimage","url":"https:\/\/krystofbruha.cz\/wp-content\/uploads\/2020\/07\/kamen_01_pozice_01_TEST_02-min-scaled.jpg","contentUrl":"https:\/\/krystofbruha.cz\/wp-content\/uploads\/2020\/07\/kamen_01_pozice_01_TEST_02-min-scaled.jpg","width":2560,"height":2560},{"@type":"BreadcrumbList","@id":"https:\/\/krystofbruha.cz\/produkt\/resonare-de-inter-solaris-vypal-01-pozice-01\/#breadcrumb","itemListElement":[{"@type":"ListItem","position":1,"name":"Dom\u016f","item":"https:\/\/krystofbruha.cz\/"},{"@type":"ListItem","position":2,"name":"Products","item":"https:\/\/krystofbruha.cz\/en\/shop\/"},{"@type":"ListItem","position":3,"name":"Resonare de Inter Solaris \/ V\u00fdpal 01 \/ Pozice 01"}]},{"@type":"WebSite","@id":"https:\/\/krystofbruha.cz\/#website","url":"https:\/\/krystofbruha.cz\/","name":"Kry\u0161tof Br\u016fha","description":"artwork presentation \/ Kry\u0161tof Br\u016fha","publisher":{"@id":"https:\/\/krystofbruha.cz\/#organization"},"potentialAction":[{"@type":"SearchAction","target":{"@type":"EntryPoint","urlTemplate":"https:\/\/krystofbruha.cz\/?s={search_term_string}"},"query-input":{"@type":"PropertyValueSpecification","valueRequired":true,"valueName":"search_term_string"}}],"inLanguage":"en-GB"},{"@type":"Organization","@id":"https:\/\/krystofbruha.cz\/#organization","name":"Kry\u0161tof Br\u016fha","url":"https:\/\/krystofbruha.cz\/","logo":{"@type":"ImageObject","inLanguage":"en-GB","@id":"https:\/\/krystofbruha.cz\/#\/schema\/logo\/image\/","url":"https:\/\/i0.wp.com\/www.krystofbruha.cz\/wp-content\/uploads\/2020\/11\/cropped-Favicon_01-1.png?fit=512%2C512&ssl=1","contentUrl":"https:\/\/i0.wp.com\/www.krystofbruha.cz\/wp-content\/uploads\/2020\/11\/cropped-Favicon_01-1.png?fit=512%2C512&ssl=1","width":512,"height":512,"caption":"Kry\u0161tof Br\u016fha"},"image":{"@id":"https:\/\/krystofbruha.cz\/#\/schema\/logo\/image\/"},"sameAs":["https:\/\/www.facebook.com\/bruha.krystof.studio\/?ref=page_internal","https:\/\/www.instagram.com\/krystof_bruha\/","https:\/\/cz.pinterest.com\/Krystof_Bruha\/","https:\/\/www.youtube.com\/channel\/UCVXoHTkjxIDFNVaVgQIvTiQ?disable_polymer=true"]}]}},"jetpack_sharing_enabled":true,"_links":{"self":[{"href":"https:\/\/krystofbruha.cz\/en\/wp-json\/wp\/v2\/product\/1431"}],"collection":[{"href":"https:\/\/krystofbruha.cz\/en\/wp-json\/wp\/v2\/product"}],"about":[{"href":"https:\/\/krystofbruha.cz\/en\/wp-json\/wp\/v2\/types\/product"}],"wp:featuredmedia":[{"embeddable":true,"href":"https:\/\/krystofbruha.cz\/en\/wp-json\/wp\/v2\/media\/1011"}],"wp:attachment":[{"href":"https:\/\/krystofbruha.cz\/en\/wp-json\/wp\/v2\/media?parent=1431"}],"wp:term":[{"taxonomy":"product_cat","embeddable":true,"href":"https:\/\/krystofbruha.cz\/en\/wp-json\/wp\/v2\/product_cat?post=1431"},{"taxonomy":"product_tag","embeddable":true,"href":"https:\/\/krystofbruha.cz\/en\/wp-json\/wp\/v2\/product_tag?post=1431"}],"curies":[{"name":"wp","href":"https:\/\/api.w.org\/{rel}","templated":true}]}}