{"id":1643,"date":"2020-10-12T12:13:26","date_gmt":"2020-10-12T10:13:26","guid":{"rendered":"http:\/\/krystofbruha.cz\/?post_type=product&#038;p=1643"},"modified":"2022-08-06T12:12:40","modified_gmt":"2022-08-06T10:12:40","slug":"resonare-de-inter-solaris-hornina-03","status":"publish","type":"product","link":"https:\/\/krystofbruha.cz\/en\/product\/resonare-de-inter-solaris-hornina-03\/","title":{"rendered":"Resonare Inter Solaris \/ Rock 03"},"content":{"rendered":"<p>Hornina 03 \/ Resonare de Inter Solaris<\/p>\n<p>Year of origin: 2019<br \/>\nTechnique: firing with concentrated sunlight into the rock<br \/>\nDimensions: 150 \u00d7 150 mm<\/p>\n<p>A series of solar burn-out into rocks through a kinetic sculpture <a href=\"http:\/\/krystofbruha.cz\/en\/inter-solaris\/\">Inter Solaris<\/a>In the past, the sculpture has traveled to various locations and remelted rocks using the sun's rays. <a href=\"http:\/\/krystofbruha.cz\/en\/inter-solaris\/\">Inter Solaris<\/a> aimed to record the moment that was inscribed into the rock through its remelting. In addition to the medium, the rock also served as evidence of the event's location. The main artifact, which was originally a rock remelted by the sun's rays, is a series of drawings created through the robotic arm's action. This processual reproduction of rocks suggests their further progressive analysis and thus creates a relic of past actions of the <a href=\"http:\/\/krystofbruha.cz\/en\/inter-solaris\/\">Inter Solaris<\/a>.<\/p>","protected":false},"excerpt":{"rendered":"<p>Object \/ Resonare de Inter Solaris<br \/>\nfiring by concentrated solar radiation into the rock \/ 150 \u00d7 150 mm<\/p>","protected":false},"featured_media":1993,"template":"","meta":[],"product_cat":[56,42,59],"product_tag":[45,58,57],"class_list":{"0":"post-1643","1":"product","2":"type-product","3":"status-publish","4":"has-post-thumbnail","6":"product_cat-objekt","7":"product_cat-resonare-de-inter-solari","8":"product_cat-vypalene-horniny","9":"product_tag-hornina","10":"product_tag-slunce","11":"product_tag-vypal","13":"first","14":"instock","15":"sold-individually","16":"taxable","17":"shipping-taxable","18":"purchasable","19":"product-type-simple"},"yoast_head":"<!-- This site is optimized with the Yoast SEO plugin v23.6 - https:\/\/yoast.com\/wordpress\/plugins\/seo\/ -->\n<title>Resonare de Inter Solaris \/ Hornina 03 - Kry\u0161tof Br\u016fha<\/title>\n<meta name=\"description\" content=\"Grafika \/ Resonare de Inter Solaristisk \/ tisk pomoc\u00ed robotick\u00e9ho ramene na pap\u00edr \/ 707 \u00d7 1000 mm\" \/>\n<meta name=\"robots\" content=\"index, follow, max-snippet:-1, max-image-preview:large, max-video-preview:-1\" \/>\n<link rel=\"canonical\" href=\"https:\/\/krystofbruha.cz\/en\/product\/resonare-de-inter-solaris-hornina-03\/\" \/>\n<meta property=\"og:locale\" content=\"en_GB\" \/>\n<meta property=\"og:type\" content=\"article\" \/>\n<meta property=\"og:title\" content=\"Resonare de Inter Solaris \/ Hornina 03 - Kry\u0161tof Br\u016fha\" \/>\n<meta property=\"og:description\" content=\"Grafika \/ Resonare de Inter Solaristisk \/ tisk pomoc\u00ed robotick\u00e9ho ramene na pap\u00edr \/ 707 \u00d7 1000 mm\" \/>\n<meta property=\"og:url\" content=\"https:\/\/krystofbruha.cz\/en\/product\/resonare-de-inter-solaris-hornina-03\/\" \/>\n<meta property=\"og:site_name\" content=\"Kry\u0161tof Br\u016fha\" \/>\n<meta property=\"article:publisher\" content=\"https:\/\/www.facebook.com\/bruha.krystof.studio\/?ref=page_internal\" \/>\n<meta property=\"article:modified_time\" content=\"2022-08-06T10:12:40+00:00\" \/>\n<meta property=\"og:image\" content=\"https:\/\/krystofbruha.cz\/wp-content\/uploads\/2020\/10\/01-1.png\" \/>\n\t<meta property=\"og:image:width\" content=\"1240\" \/>\n\t<meta property=\"og:image:height\" content=\"1754\" \/>\n\t<meta property=\"og:image:type\" content=\"image\/png\" \/>\n<meta name=\"twitter:card\" content=\"summary_large_image\" \/>\n<meta name=\"twitter:label1\" content=\"Estimated reading time\" \/>\n\t<meta name=\"twitter:data1\" content=\"1 minute\" \/>\n<script type=\"application\/ld+json\" class=\"yoast-schema-graph\">{\"@context\":\"https:\/\/schema.org\",\"@graph\":[{\"@type\":\"WebPage\",\"@id\":\"https:\/\/krystofbruha.cz\/produkt\/resonare-de-inter-solaris-hornina-03\/\",\"url\":\"https:\/\/krystofbruha.cz\/produkt\/resonare-de-inter-solaris-hornina-03\/\",\"name\":\"Resonare de Inter Solaris \/ Hornina 03 - Kry\u0161tof Br\u016fha\",\"isPartOf\":{\"@id\":\"https:\/\/krystofbruha.cz\/#website\"},\"primaryImageOfPage\":{\"@id\":\"https:\/\/krystofbruha.cz\/produkt\/resonare-de-inter-solaris-hornina-03\/#primaryimage\"},\"image\":{\"@id\":\"https:\/\/krystofbruha.cz\/produkt\/resonare-de-inter-solaris-hornina-03\/#primaryimage\"},\"thumbnailUrl\":\"https:\/\/krystofbruha.cz\/wp-content\/uploads\/2020\/10\/01-1.png\",\"datePublished\":\"2020-10-12T10:13:26+00:00\",\"dateModified\":\"2022-08-06T10:12:40+00:00\",\"description\":\"Grafika \/ Resonare de Inter Solaristisk \/ tisk pomoc\u00ed robotick\u00e9ho ramene na pap\u00edr \/ 707 \u00d7 1000 mm\",\"breadcrumb\":{\"@id\":\"https:\/\/krystofbruha.cz\/produkt\/resonare-de-inter-solaris-hornina-03\/#breadcrumb\"},\"inLanguage\":\"en-GB\",\"potentialAction\":[{\"@type\":\"ReadAction\",\"target\":[\"https:\/\/krystofbruha.cz\/produkt\/resonare-de-inter-solaris-hornina-03\/\"]}]},{\"@type\":\"ImageObject\",\"inLanguage\":\"en-GB\",\"@id\":\"https:\/\/krystofbruha.cz\/produkt\/resonare-de-inter-solaris-hornina-03\/#primaryimage\",\"url\":\"https:\/\/krystofbruha.cz\/wp-content\/uploads\/2020\/10\/01-1.png\",\"contentUrl\":\"https:\/\/krystofbruha.cz\/wp-content\/uploads\/2020\/10\/01-1.png\",\"width\":1240,\"height\":1754},{\"@type\":\"BreadcrumbList\",\"@id\":\"https:\/\/krystofbruha.cz\/produkt\/resonare-de-inter-solaris-hornina-03\/#breadcrumb\",\"itemListElement\":[{\"@type\":\"ListItem\",\"position\":1,\"name\":\"Dom\u016f\",\"item\":\"https:\/\/krystofbruha.cz\/\"},{\"@type\":\"ListItem\",\"position\":2,\"name\":\"Products\",\"item\":\"https:\/\/krystofbruha.cz\/en\/shop\/\"},{\"@type\":\"ListItem\",\"position\":3,\"name\":\"Resonare de Inter Solaris \/ Hornina 03\"}]},{\"@type\":\"WebSite\",\"@id\":\"https:\/\/krystofbruha.cz\/#website\",\"url\":\"https:\/\/krystofbruha.cz\/\",\"name\":\"Kry\u0161tof Br\u016fha\",\"description\":\"artwork presentation \/ Kry\u0161tof Br\u016fha\",\"publisher\":{\"@id\":\"https:\/\/krystofbruha.cz\/#organization\"},\"potentialAction\":[{\"@type\":\"SearchAction\",\"target\":{\"@type\":\"EntryPoint\",\"urlTemplate\":\"https:\/\/krystofbruha.cz\/?s={search_term_string}\"},\"query-input\":{\"@type\":\"PropertyValueSpecification\",\"valueRequired\":true,\"valueName\":\"search_term_string\"}}],\"inLanguage\":\"en-GB\"},{\"@type\":\"Organization\",\"@id\":\"https:\/\/krystofbruha.cz\/#organization\",\"name\":\"Kry\u0161tof Br\u016fha\",\"url\":\"https:\/\/krystofbruha.cz\/\",\"logo\":{\"@type\":\"ImageObject\",\"inLanguage\":\"en-GB\",\"@id\":\"https:\/\/krystofbruha.cz\/#\/schema\/logo\/image\/\",\"url\":\"https:\/\/i0.wp.com\/www.krystofbruha.cz\/wp-content\/uploads\/2020\/11\/cropped-Favicon_01-1.png?fit=512%2C512&ssl=1\",\"contentUrl\":\"https:\/\/i0.wp.com\/www.krystofbruha.cz\/wp-content\/uploads\/2020\/11\/cropped-Favicon_01-1.png?fit=512%2C512&ssl=1\",\"width\":512,\"height\":512,\"caption\":\"Kry\u0161tof Br\u016fha\"},\"image\":{\"@id\":\"https:\/\/krystofbruha.cz\/#\/schema\/logo\/image\/\"},\"sameAs\":[\"https:\/\/www.facebook.com\/bruha.krystof.studio\/?ref=page_internal\",\"https:\/\/www.instagram.com\/krystof_bruha\/\",\"https:\/\/cz.pinterest.com\/Krystof_Bruha\/\",\"https:\/\/www.youtube.com\/channel\/UCVXoHTkjxIDFNVaVgQIvTiQ?disable_polymer=true\"]}]}<\/script>\n<!-- \/ Yoast SEO plugin. -->","yoast_head_json":{"title":"Resonare de Inter Solaris \/ Hornina 03 - Kry\u0161tof Br\u016fha","description":"Grafika \/ Resonare de Inter Solaristisk \/ tisk pomoc\u00ed robotick\u00e9ho ramene na pap\u00edr \/ 707 \u00d7 1000 mm","robots":{"index":"index","follow":"follow","max-snippet":"max-snippet:-1","max-image-preview":"max-image-preview:large","max-video-preview":"max-video-preview:-1"},"canonical":"https:\/\/krystofbruha.cz\/en\/product\/resonare-de-inter-solaris-hornina-03\/","og_locale":"en_GB","og_type":"article","og_title":"Resonare de Inter Solaris \/ Hornina 03 - Kry\u0161tof Br\u016fha","og_description":"Grafika \/ Resonare de Inter Solaristisk \/ tisk pomoc\u00ed robotick\u00e9ho ramene na pap\u00edr \/ 707 \u00d7 1000 mm","og_url":"https:\/\/krystofbruha.cz\/en\/product\/resonare-de-inter-solaris-hornina-03\/","og_site_name":"Kry\u0161tof Br\u016fha","article_publisher":"https:\/\/www.facebook.com\/bruha.krystof.studio\/?ref=page_internal","article_modified_time":"2022-08-06T10:12:40+00:00","og_image":[{"width":1240,"height":1754,"url":"https:\/\/krystofbruha.cz\/wp-content\/uploads\/2020\/10\/01-1.png","type":"image\/png"}],"twitter_card":"summary_large_image","twitter_misc":{"Estimated reading time":"1 minute"},"schema":{"@context":"https:\/\/schema.org","@graph":[{"@type":"WebPage","@id":"https:\/\/krystofbruha.cz\/produkt\/resonare-de-inter-solaris-hornina-03\/","url":"https:\/\/krystofbruha.cz\/produkt\/resonare-de-inter-solaris-hornina-03\/","name":"Resonare de Inter Solaris \/ Hornina 03 - Kry\u0161tof Br\u016fha","isPartOf":{"@id":"https:\/\/krystofbruha.cz\/#website"},"primaryImageOfPage":{"@id":"https:\/\/krystofbruha.cz\/produkt\/resonare-de-inter-solaris-hornina-03\/#primaryimage"},"image":{"@id":"https:\/\/krystofbruha.cz\/produkt\/resonare-de-inter-solaris-hornina-03\/#primaryimage"},"thumbnailUrl":"https:\/\/krystofbruha.cz\/wp-content\/uploads\/2020\/10\/01-1.png","datePublished":"2020-10-12T10:13:26+00:00","dateModified":"2022-08-06T10:12:40+00:00","description":"Grafika \/ Resonare de Inter Solaristisk \/ tisk pomoc\u00ed robotick\u00e9ho ramene na pap\u00edr \/ 707 \u00d7 1000 mm","breadcrumb":{"@id":"https:\/\/krystofbruha.cz\/produkt\/resonare-de-inter-solaris-hornina-03\/#breadcrumb"},"inLanguage":"en-GB","potentialAction":[{"@type":"ReadAction","target":["https:\/\/krystofbruha.cz\/produkt\/resonare-de-inter-solaris-hornina-03\/"]}]},{"@type":"ImageObject","inLanguage":"en-GB","@id":"https:\/\/krystofbruha.cz\/produkt\/resonare-de-inter-solaris-hornina-03\/#primaryimage","url":"https:\/\/krystofbruha.cz\/wp-content\/uploads\/2020\/10\/01-1.png","contentUrl":"https:\/\/krystofbruha.cz\/wp-content\/uploads\/2020\/10\/01-1.png","width":1240,"height":1754},{"@type":"BreadcrumbList","@id":"https:\/\/krystofbruha.cz\/produkt\/resonare-de-inter-solaris-hornina-03\/#breadcrumb","itemListElement":[{"@type":"ListItem","position":1,"name":"Dom\u016f","item":"https:\/\/krystofbruha.cz\/"},{"@type":"ListItem","position":2,"name":"Products","item":"https:\/\/krystofbruha.cz\/en\/shop\/"},{"@type":"ListItem","position":3,"name":"Resonare de Inter Solaris \/ Hornina 03"}]},{"@type":"WebSite","@id":"https:\/\/krystofbruha.cz\/#website","url":"https:\/\/krystofbruha.cz\/","name":"Kry\u0161tof Br\u016fha","description":"artwork presentation \/ Kry\u0161tof Br\u016fha","publisher":{"@id":"https:\/\/krystofbruha.cz\/#organization"},"potentialAction":[{"@type":"SearchAction","target":{"@type":"EntryPoint","urlTemplate":"https:\/\/krystofbruha.cz\/?s={search_term_string}"},"query-input":{"@type":"PropertyValueSpecification","valueRequired":true,"valueName":"search_term_string"}}],"inLanguage":"en-GB"},{"@type":"Organization","@id":"https:\/\/krystofbruha.cz\/#organization","name":"Kry\u0161tof Br\u016fha","url":"https:\/\/krystofbruha.cz\/","logo":{"@type":"ImageObject","inLanguage":"en-GB","@id":"https:\/\/krystofbruha.cz\/#\/schema\/logo\/image\/","url":"https:\/\/i0.wp.com\/www.krystofbruha.cz\/wp-content\/uploads\/2020\/11\/cropped-Favicon_01-1.png?fit=512%2C512&ssl=1","contentUrl":"https:\/\/i0.wp.com\/www.krystofbruha.cz\/wp-content\/uploads\/2020\/11\/cropped-Favicon_01-1.png?fit=512%2C512&ssl=1","width":512,"height":512,"caption":"Kry\u0161tof Br\u016fha"},"image":{"@id":"https:\/\/krystofbruha.cz\/#\/schema\/logo\/image\/"},"sameAs":["https:\/\/www.facebook.com\/bruha.krystof.studio\/?ref=page_internal","https:\/\/www.instagram.com\/krystof_bruha\/","https:\/\/cz.pinterest.com\/Krystof_Bruha\/","https:\/\/www.youtube.com\/channel\/UCVXoHTkjxIDFNVaVgQIvTiQ?disable_polymer=true"]}]}},"jetpack_sharing_enabled":true,"_links":{"self":[{"href":"https:\/\/krystofbruha.cz\/en\/wp-json\/wp\/v2\/product\/1643"}],"collection":[{"href":"https:\/\/krystofbruha.cz\/en\/wp-json\/wp\/v2\/product"}],"about":[{"href":"https:\/\/krystofbruha.cz\/en\/wp-json\/wp\/v2\/types\/product"}],"wp:featuredmedia":[{"embeddable":true,"href":"https:\/\/krystofbruha.cz\/en\/wp-json\/wp\/v2\/media\/1993"}],"wp:attachment":[{"href":"https:\/\/krystofbruha.cz\/en\/wp-json\/wp\/v2\/media?parent=1643"}],"wp:term":[{"taxonomy":"product_cat","embeddable":true,"href":"https:\/\/krystofbruha.cz\/en\/wp-json\/wp\/v2\/product_cat?post=1643"},{"taxonomy":"product_tag","embeddable":true,"href":"https:\/\/krystofbruha.cz\/en\/wp-json\/wp\/v2\/product_tag?post=1643"}],"curies":[{"name":"wp","href":"https:\/\/api.w.org\/{rel}","templated":true}]}}