{"id":2253,"date":"2021-07-06T20:18:34","date_gmt":"2021-07-06T18:18:34","guid":{"rendered":"http:\/\/krystofbruha.cz\/?post_type=product&#038;p=2253"},"modified":"2022-10-01T01:20:43","modified_gmt":"2022-09-30T23:20:43","slug":"transmutatio-xingu-river","status":"publish","type":"product","link":"https:\/\/krystofbruha.cz\/en\/product\/transmutatio-xingu-river\/","title":{"rendered":"Transmutatio \/ Xingu River"},"content":{"rendered":"<p><strong>Transmutatio \/ Xingu River<\/strong><\/p>\n<p><strong>title<\/strong><br \/>\nTransmutatio \/ Xingu River<\/p>\n<p><strong>year of completion<\/strong><br \/>\n2021<\/p>\n<p><strong>series<\/strong><br \/>\n1\/1<\/p>\n<p><strong>technique<\/strong><br \/>\nrobotic arm drawing<\/p>\n<p><strong>materials<\/strong><br \/>\npaper, ink, wooden frame<\/p>\n<p><strong>size<\/strong><br \/>\n1000 x 707 mm<\/p>","protected":false},"excerpt":{"rendered":"<ul>\n<li>Graphic sheet<\/li>\n<li>Year of origin: 2021<\/li>\n<li>Technique: printing using a robotic arm on paper<\/li>\n<li>Dimensions: 707 \u00d7 1000 mm<\/li>\n<\/ul>","protected":false},"featured_media":2211,"template":"","meta":[],"product_cat":[55,72],"product_tag":[46,44,43,73],"class_list":{"0":"post-2253","1":"product","2":"type-product","3":"status-publish","4":"has-post-thumbnail","6":"product_cat-grafika","7":"product_cat-transmutatio","8":"product_tag-inkoust","9":"product_tag-papir","10":"product_tag-tisk","11":"product_tag-voda","13":"first","14":"outofstock","15":"sold-individually","16":"taxable","17":"shipping-taxable","18":"purchasable","19":"product-type-variable"},"yoast_head":"<!-- This site is optimized with the Yoast SEO plugin v23.6 - https:\/\/yoast.com\/wordpress\/plugins\/seo\/ -->\n<title>Transmutatio \/ Xingu River - Kry\u0161tof Br\u016fha<\/title>\n<meta name=\"description\" content=\"Grafika \/ Transmutatio \/ Amazon River \/ tisk pomoc\u00ed robotick\u00e9ho ramene na pap\u00edr \/ 707 \u00d7 1000 mm\" \/>\n<meta name=\"robots\" content=\"index, follow, max-snippet:-1, max-image-preview:large, max-video-preview:-1\" \/>\n<link rel=\"canonical\" href=\"https:\/\/krystofbruha.cz\/en\/product\/transmutatio-xingu-river\/\" \/>\n<meta property=\"og:locale\" content=\"en_GB\" \/>\n<meta property=\"og:type\" content=\"article\" \/>\n<meta property=\"og:title\" content=\"Transmutatio \/ Xingu River - Kry\u0161tof Br\u016fha\" \/>\n<meta property=\"og:description\" content=\"Grafika \/ Transmutatio \/ Amazon River \/ tisk pomoc\u00ed robotick\u00e9ho ramene na pap\u00edr \/ 707 \u00d7 1000 mm\" \/>\n<meta property=\"og:url\" content=\"https:\/\/krystofbruha.cz\/en\/product\/transmutatio-xingu-river\/\" \/>\n<meta property=\"og:site_name\" content=\"Kry\u0161tof Br\u016fha\" \/>\n<meta property=\"article:publisher\" content=\"https:\/\/www.facebook.com\/bruha.krystof.studio\/?ref=page_internal\" \/>\n<meta property=\"article:modified_time\" content=\"2022-09-30T23:20:43+00:00\" \/>\n<meta property=\"og:image\" content=\"https:\/\/krystofbruha.cz\/wp-content\/uploads\/2021\/07\/Xingu-River-BRAZIL-scaled.jpg\" \/>\n\t<meta property=\"og:image:width\" content=\"2560\" \/>\n\t<meta property=\"og:image:height\" content=\"2560\" \/>\n\t<meta property=\"og:image:type\" content=\"image\/jpeg\" \/>\n<meta name=\"twitter:card\" content=\"summary_large_image\" \/>\n<meta name=\"twitter:label1\" content=\"Estimated reading time\" \/>\n\t<meta name=\"twitter:data1\" content=\"1 minute\" \/>\n<script type=\"application\/ld+json\" class=\"yoast-schema-graph\">{\"@context\":\"https:\/\/schema.org\",\"@graph\":[{\"@type\":\"WebPage\",\"@id\":\"https:\/\/krystofbruha.cz\/produkt\/transmutatio-xingu-river\/\",\"url\":\"https:\/\/krystofbruha.cz\/produkt\/transmutatio-xingu-river\/\",\"name\":\"Transmutatio \/ Xingu River - Kry\u0161tof Br\u016fha\",\"isPartOf\":{\"@id\":\"https:\/\/krystofbruha.cz\/#website\"},\"primaryImageOfPage\":{\"@id\":\"https:\/\/krystofbruha.cz\/produkt\/transmutatio-xingu-river\/#primaryimage\"},\"image\":{\"@id\":\"https:\/\/krystofbruha.cz\/produkt\/transmutatio-xingu-river\/#primaryimage\"},\"thumbnailUrl\":\"https:\/\/krystofbruha.cz\/wp-content\/uploads\/2021\/07\/Xingu-River-BRAZIL-scaled.jpg\",\"datePublished\":\"2021-07-06T18:18:34+00:00\",\"dateModified\":\"2022-09-30T23:20:43+00:00\",\"description\":\"Grafika \/ Transmutatio \/ Amazon River \/ tisk pomoc\u00ed robotick\u00e9ho ramene na pap\u00edr \/ 707 \u00d7 1000 mm\",\"breadcrumb\":{\"@id\":\"https:\/\/krystofbruha.cz\/produkt\/transmutatio-xingu-river\/#breadcrumb\"},\"inLanguage\":\"en-GB\",\"potentialAction\":[{\"@type\":\"ReadAction\",\"target\":[\"https:\/\/krystofbruha.cz\/produkt\/transmutatio-xingu-river\/\"]}]},{\"@type\":\"ImageObject\",\"inLanguage\":\"en-GB\",\"@id\":\"https:\/\/krystofbruha.cz\/produkt\/transmutatio-xingu-river\/#primaryimage\",\"url\":\"https:\/\/krystofbruha.cz\/wp-content\/uploads\/2021\/07\/Xingu-River-BRAZIL-scaled.jpg\",\"contentUrl\":\"https:\/\/krystofbruha.cz\/wp-content\/uploads\/2021\/07\/Xingu-River-BRAZIL-scaled.jpg\",\"width\":2560,\"height\":2560},{\"@type\":\"BreadcrumbList\",\"@id\":\"https:\/\/krystofbruha.cz\/produkt\/transmutatio-xingu-river\/#breadcrumb\",\"itemListElement\":[{\"@type\":\"ListItem\",\"position\":1,\"name\":\"Dom\u016f\",\"item\":\"https:\/\/krystofbruha.cz\/\"},{\"@type\":\"ListItem\",\"position\":2,\"name\":\"Products\",\"item\":\"https:\/\/krystofbruha.cz\/en\/shop\/\"},{\"@type\":\"ListItem\",\"position\":3,\"name\":\"Transmutatio \/ Xingu River\"}]},{\"@type\":\"WebSite\",\"@id\":\"https:\/\/krystofbruha.cz\/#website\",\"url\":\"https:\/\/krystofbruha.cz\/\",\"name\":\"Kry\u0161tof Br\u016fha\",\"description\":\"artwork presentation \/ Kry\u0161tof Br\u016fha\",\"publisher\":{\"@id\":\"https:\/\/krystofbruha.cz\/#organization\"},\"potentialAction\":[{\"@type\":\"SearchAction\",\"target\":{\"@type\":\"EntryPoint\",\"urlTemplate\":\"https:\/\/krystofbruha.cz\/?s={search_term_string}\"},\"query-input\":{\"@type\":\"PropertyValueSpecification\",\"valueRequired\":true,\"valueName\":\"search_term_string\"}}],\"inLanguage\":\"en-GB\"},{\"@type\":\"Organization\",\"@id\":\"https:\/\/krystofbruha.cz\/#organization\",\"name\":\"Kry\u0161tof Br\u016fha\",\"url\":\"https:\/\/krystofbruha.cz\/\",\"logo\":{\"@type\":\"ImageObject\",\"inLanguage\":\"en-GB\",\"@id\":\"https:\/\/krystofbruha.cz\/#\/schema\/logo\/image\/\",\"url\":\"https:\/\/i0.wp.com\/www.krystofbruha.cz\/wp-content\/uploads\/2020\/11\/cropped-Favicon_01-1.png?fit=512%2C512&ssl=1\",\"contentUrl\":\"https:\/\/i0.wp.com\/www.krystofbruha.cz\/wp-content\/uploads\/2020\/11\/cropped-Favicon_01-1.png?fit=512%2C512&ssl=1\",\"width\":512,\"height\":512,\"caption\":\"Kry\u0161tof Br\u016fha\"},\"image\":{\"@id\":\"https:\/\/krystofbruha.cz\/#\/schema\/logo\/image\/\"},\"sameAs\":[\"https:\/\/www.facebook.com\/bruha.krystof.studio\/?ref=page_internal\",\"https:\/\/www.instagram.com\/krystof_bruha\/\",\"https:\/\/cz.pinterest.com\/Krystof_Bruha\/\",\"https:\/\/www.youtube.com\/channel\/UCVXoHTkjxIDFNVaVgQIvTiQ?disable_polymer=true\"]}]}<\/script>\n<!-- \/ Yoast SEO plugin. -->","yoast_head_json":{"title":"Transmutatio \/ Xingu River - Kry\u0161tof Br\u016fha","description":"Grafika \/ Transmutatio \/ Amazon River \/ tisk pomoc\u00ed robotick\u00e9ho ramene na pap\u00edr \/ 707 \u00d7 1000 mm","robots":{"index":"index","follow":"follow","max-snippet":"max-snippet:-1","max-image-preview":"max-image-preview:large","max-video-preview":"max-video-preview:-1"},"canonical":"https:\/\/krystofbruha.cz\/en\/product\/transmutatio-xingu-river\/","og_locale":"en_GB","og_type":"article","og_title":"Transmutatio \/ Xingu River - Kry\u0161tof Br\u016fha","og_description":"Grafika \/ Transmutatio \/ Amazon River \/ tisk pomoc\u00ed robotick\u00e9ho ramene na pap\u00edr \/ 707 \u00d7 1000 mm","og_url":"https:\/\/krystofbruha.cz\/en\/product\/transmutatio-xingu-river\/","og_site_name":"Kry\u0161tof Br\u016fha","article_publisher":"https:\/\/www.facebook.com\/bruha.krystof.studio\/?ref=page_internal","article_modified_time":"2022-09-30T23:20:43+00:00","og_image":[{"width":2560,"height":2560,"url":"https:\/\/krystofbruha.cz\/wp-content\/uploads\/2021\/07\/Xingu-River-BRAZIL-scaled.jpg","type":"image\/jpeg"}],"twitter_card":"summary_large_image","twitter_misc":{"Estimated reading time":"1 minute"},"schema":{"@context":"https:\/\/schema.org","@graph":[{"@type":"WebPage","@id":"https:\/\/krystofbruha.cz\/produkt\/transmutatio-xingu-river\/","url":"https:\/\/krystofbruha.cz\/produkt\/transmutatio-xingu-river\/","name":"Transmutatio \/ Xingu River - Kry\u0161tof Br\u016fha","isPartOf":{"@id":"https:\/\/krystofbruha.cz\/#website"},"primaryImageOfPage":{"@id":"https:\/\/krystofbruha.cz\/produkt\/transmutatio-xingu-river\/#primaryimage"},"image":{"@id":"https:\/\/krystofbruha.cz\/produkt\/transmutatio-xingu-river\/#primaryimage"},"thumbnailUrl":"https:\/\/krystofbruha.cz\/wp-content\/uploads\/2021\/07\/Xingu-River-BRAZIL-scaled.jpg","datePublished":"2021-07-06T18:18:34+00:00","dateModified":"2022-09-30T23:20:43+00:00","description":"Grafika \/ Transmutatio \/ Amazon River \/ tisk pomoc\u00ed robotick\u00e9ho ramene na pap\u00edr \/ 707 \u00d7 1000 mm","breadcrumb":{"@id":"https:\/\/krystofbruha.cz\/produkt\/transmutatio-xingu-river\/#breadcrumb"},"inLanguage":"en-GB","potentialAction":[{"@type":"ReadAction","target":["https:\/\/krystofbruha.cz\/produkt\/transmutatio-xingu-river\/"]}]},{"@type":"ImageObject","inLanguage":"en-GB","@id":"https:\/\/krystofbruha.cz\/produkt\/transmutatio-xingu-river\/#primaryimage","url":"https:\/\/krystofbruha.cz\/wp-content\/uploads\/2021\/07\/Xingu-River-BRAZIL-scaled.jpg","contentUrl":"https:\/\/krystofbruha.cz\/wp-content\/uploads\/2021\/07\/Xingu-River-BRAZIL-scaled.jpg","width":2560,"height":2560},{"@type":"BreadcrumbList","@id":"https:\/\/krystofbruha.cz\/produkt\/transmutatio-xingu-river\/#breadcrumb","itemListElement":[{"@type":"ListItem","position":1,"name":"Dom\u016f","item":"https:\/\/krystofbruha.cz\/"},{"@type":"ListItem","position":2,"name":"Products","item":"https:\/\/krystofbruha.cz\/en\/shop\/"},{"@type":"ListItem","position":3,"name":"Transmutatio \/ Xingu River"}]},{"@type":"WebSite","@id":"https:\/\/krystofbruha.cz\/#website","url":"https:\/\/krystofbruha.cz\/","name":"Kry\u0161tof Br\u016fha","description":"artwork presentation \/ Kry\u0161tof Br\u016fha","publisher":{"@id":"https:\/\/krystofbruha.cz\/#organization"},"potentialAction":[{"@type":"SearchAction","target":{"@type":"EntryPoint","urlTemplate":"https:\/\/krystofbruha.cz\/?s={search_term_string}"},"query-input":{"@type":"PropertyValueSpecification","valueRequired":true,"valueName":"search_term_string"}}],"inLanguage":"en-GB"},{"@type":"Organization","@id":"https:\/\/krystofbruha.cz\/#organization","name":"Kry\u0161tof Br\u016fha","url":"https:\/\/krystofbruha.cz\/","logo":{"@type":"ImageObject","inLanguage":"en-GB","@id":"https:\/\/krystofbruha.cz\/#\/schema\/logo\/image\/","url":"https:\/\/i0.wp.com\/www.krystofbruha.cz\/wp-content\/uploads\/2020\/11\/cropped-Favicon_01-1.png?fit=512%2C512&ssl=1","contentUrl":"https:\/\/i0.wp.com\/www.krystofbruha.cz\/wp-content\/uploads\/2020\/11\/cropped-Favicon_01-1.png?fit=512%2C512&ssl=1","width":512,"height":512,"caption":"Kry\u0161tof Br\u016fha"},"image":{"@id":"https:\/\/krystofbruha.cz\/#\/schema\/logo\/image\/"},"sameAs":["https:\/\/www.facebook.com\/bruha.krystof.studio\/?ref=page_internal","https:\/\/www.instagram.com\/krystof_bruha\/","https:\/\/cz.pinterest.com\/Krystof_Bruha\/","https:\/\/www.youtube.com\/channel\/UCVXoHTkjxIDFNVaVgQIvTiQ?disable_polymer=true"]}]}},"jetpack_sharing_enabled":true,"_links":{"self":[{"href":"https:\/\/krystofbruha.cz\/en\/wp-json\/wp\/v2\/product\/2253"}],"collection":[{"href":"https:\/\/krystofbruha.cz\/en\/wp-json\/wp\/v2\/product"}],"about":[{"href":"https:\/\/krystofbruha.cz\/en\/wp-json\/wp\/v2\/types\/product"}],"wp:featuredmedia":[{"embeddable":true,"href":"https:\/\/krystofbruha.cz\/en\/wp-json\/wp\/v2\/media\/2211"}],"wp:attachment":[{"href":"https:\/\/krystofbruha.cz\/en\/wp-json\/wp\/v2\/media?parent=2253"}],"wp:term":[{"taxonomy":"product_cat","embeddable":true,"href":"https:\/\/krystofbruha.cz\/en\/wp-json\/wp\/v2\/product_cat?post=2253"},{"taxonomy":"product_tag","embeddable":true,"href":"https:\/\/krystofbruha.cz\/en\/wp-json\/wp\/v2\/product_tag?post=2253"}],"curies":[{"name":"wp","href":"https:\/\/api.w.org\/{rel}","templated":true}]}}